{"id":4971,"date":"2023-08-01T15:37:42","date_gmt":"2023-08-01T13:37:42","guid":{"rendered":"https:\/\/legalnodopolshi.com\/?post_type=product&#038;p=4971"},"modified":"2023-12-18T17:04:15","modified_gmt":"2023-12-18T16:04:15","slug":"usluga-concierge","status":"publish","type":"product","link":"https:\/\/legalnodopolshi.com\/uk\/produkt\/usluga-concierge\/","title":{"rendered":"US\u0141UGA CONCIERGE"},"content":{"rendered":"<ol>\n<li>Pomoc w rezerwacji miejsc noclegowych w Polsce oraz pomoc w zakresie organizacji transportu w Polsce z miejsca przybycia do Polski (lotnisko, dworzec) do docelowego miejsca zakwaterowania.<\/li>\n<li>Mo\u017cliwo\u015b\u0107 zadawania pyta\u0144 na w zakresie procesu pozyskania wizy, a tak\u017ce procedur dotycz\u0105cych legalnej pracy w Polsce Konsultacje 2 kana\u0142ami: komunikator viber albo what\u2019s app lub wiadomo\u015bci e-mail.<\/li>\n<\/ol>\n","protected":false},"excerpt":{"rendered":"Pomoc w rezerwacji miejsc noclegowych w Polsce oraz pomoc w zakresie organizacji transportu w Polsce z miejsca przybycia do Polski...","protected":false},"featured_media":4975,"template":"","meta":[],"product_cat":[47],"product_tag":[],"acf":[],"_links":{"self":[{"href":"https:\/\/legalnodopolshi.com\/uk\/wp-json\/wp\/v2\/product\/4971"}],"collection":[{"href":"https:\/\/legalnodopolshi.com\/uk\/wp-json\/wp\/v2\/product"}],"about":[{"href":"https:\/\/legalnodopolshi.com\/uk\/wp-json\/wp\/v2\/types\/product"}],"version-history":[{"count":5,"href":"https:\/\/legalnodopolshi.com\/uk\/wp-json\/wp\/v2\/product\/4971\/revisions"}],"predecessor-version":[{"id":5293,"href":"https:\/\/legalnodopolshi.com\/uk\/wp-json\/wp\/v2\/product\/4971\/revisions\/5293"}],"wp:featuredmedia":[{"embeddable":true,"href":"https:\/\/legalnodopolshi.com\/uk\/wp-json\/wp\/v2\/media\/4975"}],"wp:attachment":[{"href":"https:\/\/legalnodopolshi.com\/uk\/wp-json\/wp\/v2\/media?parent=4971"}],"wp:term":[{"taxonomy":"product_cat","embeddable":true,"href":"https:\/\/legalnodopolshi.com\/uk\/wp-json\/wp\/v2\/product_cat?post=4971"},{"taxonomy":"product_tag","embeddable":true,"href":"https:\/\/legalnodopolshi.com\/uk\/wp-json\/wp\/v2\/product_tag?post=4971"}],"curies":[{"name":"wp","href":"https:\/\/api.w.org\/{rel}","templated":true}]}}