{"id":7703,"date":"2026-02-13T12:40:31","date_gmt":"2026-02-13T11:40:31","guid":{"rendered":"https:\/\/legalnodopolshi.com\/product\/modificacion-de-la-decision-sobre-el-permiso-unico-temporal-de-residencia-y-trabajo\/"},"modified":"2026-02-13T12:40:32","modified_gmt":"2026-02-13T11:40:32","slug":"cambio-de-decision-a-estadia-temporal","status":"publish","type":"product","link":"https:\/\/legalnodopolshi.com\/es\/producto\/cambio-de-decision-a-estadia-temporal\/","title":{"rendered":"MODIFICACI\u00d3N DE LA DECISI\u00d3N SOBRE EL PERMISO \u00daNICO TEMPORAL DE RESIDENCIA Y TRABAJO"},"content":{"rendered":"","protected":false},"excerpt":{"rendered":"","protected":false},"featured_media":7697,"template":"","meta":[],"product_cat":[70],"product_tag":[],"acf":[],"_links":{"self":[{"href":"https:\/\/legalnodopolshi.com\/es\/wp-json\/wp\/v2\/product\/7703"}],"collection":[{"href":"https:\/\/legalnodopolshi.com\/es\/wp-json\/wp\/v2\/product"}],"about":[{"href":"https:\/\/legalnodopolshi.com\/es\/wp-json\/wp\/v2\/types\/product"}],"version-history":[{"count":1,"href":"https:\/\/legalnodopolshi.com\/es\/wp-json\/wp\/v2\/product\/7703\/revisions"}],"predecessor-version":[{"id":7705,"href":"https:\/\/legalnodopolshi.com\/es\/wp-json\/wp\/v2\/product\/7703\/revisions\/7705"}],"wp:featuredmedia":[{"embeddable":true,"href":"https:\/\/legalnodopolshi.com\/es\/wp-json\/wp\/v2\/media\/7697"}],"wp:attachment":[{"href":"https:\/\/legalnodopolshi.com\/es\/wp-json\/wp\/v2\/media?parent=7703"}],"wp:term":[{"taxonomy":"product_cat","embeddable":true,"href":"https:\/\/legalnodopolshi.com\/es\/wp-json\/wp\/v2\/product_cat?post=7703"},{"taxonomy":"product_tag","embeddable":true,"href":"https:\/\/legalnodopolshi.com\/es\/wp-json\/wp\/v2\/product_tag?post=7703"}],"curies":[{"name":"wp","href":"https:\/\/api.w.org\/{rel}","templated":true}]}}