{"id":7687,"date":"2023-08-01T15:37:42","date_gmt":"2026-02-13T11:40:28","guid":{"rendered":"https:\/\/legalnodopolshi.com\/product\/servicio-de-conserjeria\/"},"modified":"2026-02-13T12:40:28","modified_gmt":"2026-02-13T11:40:28","slug":"servicio-de-conserjeria","status":"publish","type":"product","link":"https:\/\/legalnodopolshi.com\/es\/producto\/servicio-de-conserjeria\/","title":{"rendered":"SERVICIO DE CONSERJER\u00cdA"},"content":{"rendered":"<ol>\n<li>Asistencia para reservar alojamiento en Polonia y asistencia para organizar el transporte en Polonia desde el lugar de llegada a Polonia (aeropuerto, estaci\u00f3n de tren) hasta el alojamiento final.<\/li>\n<li>Posibilidad de hacer preguntas sobre el proceso de obtenci\u00f3n del visado, as\u00ed como sobre los tr\u00e1mites para trabajar legalmente en Polonia Consulta a trav\u00e9s de 2 canales: comunicador viber o what&#8217;s app o correo electr\u00f3nico.<\/li>\n<\/ol>\n","protected":false},"excerpt":{"rendered":"Asistencia para reservar alojamiento en Polonia y asistencia para organizar el transporte en Polonia desde el lugar de llegada a...","protected":false},"featured_media":4975,"template":"","meta":[],"product_cat":[72],"product_tag":[],"acf":[],"_links":{"self":[{"href":"https:\/\/legalnodopolshi.com\/es\/wp-json\/wp\/v2\/product\/7687"}],"collection":[{"href":"https:\/\/legalnodopolshi.com\/es\/wp-json\/wp\/v2\/product"}],"about":[{"href":"https:\/\/legalnodopolshi.com\/es\/wp-json\/wp\/v2\/types\/product"}],"version-history":[{"count":0,"href":"https:\/\/legalnodopolshi.com\/es\/wp-json\/wp\/v2\/product\/7687\/revisions"}],"wp:featuredmedia":[{"embeddable":true,"href":"https:\/\/legalnodopolshi.com\/es\/wp-json\/wp\/v2\/media\/4975"}],"wp:attachment":[{"href":"https:\/\/legalnodopolshi.com\/es\/wp-json\/wp\/v2\/media?parent=7687"}],"wp:term":[{"taxonomy":"product_cat","embeddable":true,"href":"https:\/\/legalnodopolshi.com\/es\/wp-json\/wp\/v2\/product_cat?post=7687"},{"taxonomy":"product_tag","embeddable":true,"href":"https:\/\/legalnodopolshi.com\/es\/wp-json\/wp\/v2\/product_tag?post=7687"}],"curies":[{"name":"wp","href":"https:\/\/api.w.org\/{rel}","templated":true}]}}