{"id":7675,"date":"2026-02-13T12:40:27","date_gmt":"2026-02-13T11:40:27","guid":{"rendered":"https:\/\/legalnodopolshi.com\/product\/permiso-de-residencia-permanente-i-parte\/"},"modified":"2026-02-13T12:40:27","modified_gmt":"2026-02-13T11:40:27","slug":"permiso-de-residencia-permanente-i-parte","status":"publish","type":"product","link":"https:\/\/legalnodopolshi.com\/es\/producto\/permiso-de-residencia-permanente-i-parte\/","title":{"rendered":"PERMISO DE RESIDENCIA PERMANENTE &#8211; I PARTE"},"content":{"rendered":"\t\t<div data-elementor-type=\"product-post\" data-elementor-id=\"7675\" class=\"elementor elementor-7675 elementor-2863\" data-elementor-post-type=\"product\">\n\t\t\t\t\t\t<div class=\"elementor-inner\">\n\t\t\t\t<div class=\"elementor-section-wrap\">\n\t\t\t\t\t\t\t\t\t<section class=\"elementor-section elementor-top-section elementor-element elementor-element-cd066de elementor-section-boxed elementor-section-height-default elementor-section-height-default\" data-id=\"cd066de\" data-element_type=\"section\">\n\t\t\t\t\t\t<div class=\"elementor-container elementor-column-gap-default\">\n\t\t\t\t\t\t\t<div class=\"elementor-row\">\n\t\t\t\t\t<div class=\"elementor-column elementor-col-100 elementor-top-column elementor-element elementor-element-19d7db4\" data-id=\"19d7db4\" data-element_type=\"column\">\n\t\t\t<div class=\"elementor-column-wrap elementor-element-populated\">\n\t\t\t\t\t\t\t<div class=\"elementor-widget-wrap\">\n\t\t\t\t\t\t<div class=\"elementor-element elementor-element-30ad634 elementor-widget elementor-widget-heading\" data-id=\"30ad634\" data-element_type=\"widget\" data-widget_type=\"heading.default\">\n\t\t\t\t<div class=\"elementor-widget-container\">\n\t\t\t<h2 class=\"elementor-heading-title elementor-size-default\">\u00bfQUI\u00c9N PUEDE SOLICITAR LA CIUDADAN\u00cdA POLACA?<\/h2>\t\t<\/div>\n\t\t\t\t<\/div>\n\t\t\t\t\t\t<\/div>\n\t\t\t\t\t<\/div>\n\t\t<\/div>\n\t\t\t\t\t\t\t\t<\/div>\n\t\t\t\t\t<\/div>\n\t\t<\/section>\n\t\t\t\t<section class=\"elementor-section elementor-top-section elementor-element elementor-element-edad62a elementor-section-boxed elementor-section-height-default elementor-section-height-default\" data-id=\"edad62a\" data-element_type=\"section\">\n\t\t\t\t\t\t<div class=\"elementor-container elementor-column-gap-default\">\n\t\t\t\t\t\t\t<div class=\"elementor-row\">\n\t\t\t\t\t<div class=\"elementor-column elementor-col-100 elementor-top-column elementor-element elementor-element-97093a9\" data-id=\"97093a9\" data-element_type=\"column\">\n\t\t\t<div class=\"elementor-column-wrap elementor-element-populated\">\n\t\t\t\t\t\t\t<div class=\"elementor-widget-wrap\">\n\t\t\t\t\t\t<div class=\"elementor-element elementor-element-c8d3823 elementor-widget elementor-widget-text-editor\" data-id=\"c8d3823\" data-element_type=\"widget\" data-widget_type=\"text-editor.default\">\n\t\t\t\t<div class=\"elementor-widget-container\">\n\t\t\t\t\t\t\t\t<div class=\"elementor-text-editor elementor-clearfix\">\n\t\t\t\t<p>La ciudadan\u00eda polaca puede adquirirse mediante la concesi\u00f3n de la ciudadan\u00eda polaca por el Presidente de la Rep\u00fablica de Polonia -en cuyo caso es el Presidente quien, a su discreci\u00f3n, concede la ciudadan\u00eda polaca sin requisitos adicionales- o mediante una solicitud presentada ante el voivoda correspondiente. Como grupo de expertos, prestamos servicios integrales tanto en el \u00e1mbito de la concesi\u00f3n de la ciudadan\u00eda por el Presidente de la Rep\u00fablica de Polonia como en el del reconocimiento como ciudadano polaco. <\/p>\n\t\t\t\t\t<\/div>\n\t\t\t\t\t\t<\/div>\n\t\t\t\t<\/div>\n\t\t\t\t\t\t<\/div>\n\t\t\t\t\t<\/div>\n\t\t<\/div>\n\t\t\t\t\t\t\t\t<\/div>\n\t\t\t\t\t<\/div>\n\t\t<\/section>\n\t\t\t\t\t\t\t\t\t<\/div>\n\t\t\t<\/div>\n\t\t\t\t\t<\/div>\n\t\t","protected":false},"excerpt":{"rendered":"\u00bfQUI\u00c9N PUEDE SOLICITAR LA CIUDADAN\u00cdA POLACA? La ciudadan\u00eda polaca puede adquirirse mediante la concesi\u00f3n de la ciudadan\u00eda polaca por el...","protected":false},"featured_media":6892,"template":"","meta":[],"product_cat":[70],"product_tag":[],"acf":[],"_links":{"self":[{"href":"https:\/\/legalnodopolshi.com\/es\/wp-json\/wp\/v2\/product\/7675"}],"collection":[{"href":"https:\/\/legalnodopolshi.com\/es\/wp-json\/wp\/v2\/product"}],"about":[{"href":"https:\/\/legalnodopolshi.com\/es\/wp-json\/wp\/v2\/types\/product"}],"version-history":[{"count":1,"href":"https:\/\/legalnodopolshi.com\/es\/wp-json\/wp\/v2\/product\/7675\/revisions"}],"predecessor-version":[{"id":7684,"href":"https:\/\/legalnodopolshi.com\/es\/wp-json\/wp\/v2\/product\/7675\/revisions\/7684"}],"wp:featuredmedia":[{"embeddable":true,"href":"https:\/\/legalnodopolshi.com\/es\/wp-json\/wp\/v2\/media\/6892"}],"wp:attachment":[{"href":"https:\/\/legalnodopolshi.com\/es\/wp-json\/wp\/v2\/media?parent=7675"}],"wp:term":[{"taxonomy":"product_cat","embeddable":true,"href":"https:\/\/legalnodopolshi.com\/es\/wp-json\/wp\/v2\/product_cat?post=7675"},{"taxonomy":"product_tag","embeddable":true,"href":"https:\/\/legalnodopolshi.com\/es\/wp-json\/wp\/v2\/product_tag?post=7675"}],"curies":[{"name":"wp","href":"https:\/\/api.w.org\/{rel}","templated":true}]}}