{"id":7706,"date":"2026-02-13T12:40:44","date_gmt":"2026-02-13T11:40:44","guid":{"rendered":"https:\/\/legalnodopolshi.com\/residencia-temporal-i-parte-solicitud-1200-pln\/"},"modified":"2026-03-09T14:37:45","modified_gmt":"2026-03-09T13:37:45","slug":"residencia-temporal-i-parte-solicitud-1200-pln","status":"publish","type":"page","link":"https:\/\/legalnodopolshi.com\/es\/residencia-temporal-i-parte-solicitud-1200-pln\/","title":{"rendered":"RESIDENCIA TEMPORAL &#8211; I PARTE &#8211; SOLICITUD <br> 1200 PLN"},"content":{"rendered":"\t\t<div data-elementor-type=\"wp-page\" data-elementor-id=\"7706\" class=\"elementor elementor-7706 elementor-3842\" data-elementor-post-type=\"page\">\n\t\t\t\t\t\t<div class=\"elementor-inner\">\n\t\t\t\t<div class=\"elementor-section-wrap\">\n\t\t\t\t\t\t\t\t\t<section class=\"elementor-section elementor-top-section elementor-element elementor-element-e79fa53 elementor-section-boxed elementor-section-height-default elementor-section-height-default\" data-id=\"e79fa53\" data-element_type=\"section\">\n\t\t\t\t\t\t<div class=\"elementor-container elementor-column-gap-default\">\n\t\t\t\t\t\t\t<div class=\"elementor-row\">\n\t\t\t\t\t<div class=\"elementor-column elementor-col-66 elementor-top-column elementor-element elementor-element-50831a4\" data-id=\"50831a4\" data-element_type=\"column\">\n\t\t\t<div class=\"elementor-column-wrap elementor-element-populated\">\n\t\t\t\t\t\t\t<div class=\"elementor-widget-wrap\">\n\t\t\t\t\t\t<div class=\"elementor-element elementor-element-53c8584 elementor-widget elementor-widget-heading\" data-id=\"53c8584\" data-element_type=\"widget\" data-widget_type=\"heading.default\">\n\t\t\t\t<div class=\"elementor-widget-container\">\n\t\t\t<h2 class=\"elementor-heading-title elementor-size-default\">RESIDENCIA TEMPORAL - PARTE I - PRESENTACI\u00d3N DE LA SOLICITUD *<\/h2>\t\t<\/div>\n\t\t\t\t<\/div>\n\t\t\t\t\t\t<\/div>\n\t\t\t\t\t<\/div>\n\t\t<\/div>\n\t\t\t\t<div class=\"elementor-column elementor-col-33 elementor-top-column elementor-element elementor-element-63ab583\" data-id=\"63ab583\" data-element_type=\"column\">\n\t\t\t<div class=\"elementor-column-wrap elementor-element-populated\">\n\t\t\t\t\t\t\t<div class=\"elementor-widget-wrap\">\n\t\t\t\t\t\t<div class=\"elementor-element elementor-element-9d823f3 elementor-align-center elementor-widget elementor-widget-button\" data-id=\"9d823f3\" data-element_type=\"widget\" data-widget_type=\"button.default\">\n\t\t\t\t<div class=\"elementor-widget-container\">\n\t\t\t\t\t<div class=\"elementor-button-wrapper\">\n\t\t\t<a class=\"elementor-button elementor-button-link elementor-size-md\" href=\"https:\/\/legalnodopolshi.com\/?add-to-cart=348&#038;quantity=1&#038;e-redirect=https:\/\/legalnodopolshi.com\/es\/zamowienie\/\">\n\t\t\t\t\t\t<span class=\"elementor-button-content-wrapper\">\n\t\t\t\t\t\t<span class=\"elementor-button-icon elementor-align-icon-right\">\n\t\t\t\t<i aria-hidden=\"true\" class=\"fas fa-shopping-cart\"><\/i>\t\t\t<\/span>\n\t\t\t\t\t\t<span class=\"elementor-button-text\">Comprar<\/span>\n\t\t<\/span>\n\t\t\t\t\t<\/a>\n\t\t<\/div>\n\t\t\t\t<\/div>\n\t\t\t\t<\/div>\n\t\t\t\t\t\t<\/div>\n\t\t\t\t\t<\/div>\n\t\t<\/div>\n\t\t\t\t\t\t\t\t<\/div>\n\t\t\t\t\t<\/div>\n\t\t<\/section>\n\t\t\t\t<section class=\"elementor-section elementor-top-section elementor-element elementor-element-7cc42b6 elementor-section-boxed elementor-section-height-default elementor-section-height-default\" data-id=\"7cc42b6\" data-element_type=\"section\">\n\t\t\t\t\t\t<div class=\"elementor-container elementor-column-gap-default\">\n\t\t\t\t\t\t\t<div class=\"elementor-row\">\n\t\t\t\t\t<div class=\"elementor-column elementor-col-100 elementor-top-column elementor-element elementor-element-a548808\" data-id=\"a548808\" data-element_type=\"column\">\n\t\t\t<div class=\"elementor-column-wrap elementor-element-populated\">\n\t\t\t\t\t\t\t<div class=\"elementor-widget-wrap\">\n\t\t\t\t\t\t<div class=\"elementor-element elementor-element-aab86c2 elementor-widget__width-initial elementor-widget elementor-widget-text-editor\" data-id=\"aab86c2\" data-element_type=\"widget\" data-widget_type=\"text-editor.default\">\n\t\t\t\t<div class=\"elementor-widget-container\">\n\t\t\t\t\t\t\t\t<div class=\"elementor-text-editor elementor-clearfix\">\n\t\t\t\t<p><b style=\"text-align: inherit; letter-spacing: 0px;\">\u00bfVives en Polonia y tienes intenci\u00f3n de quedarte m\u00e1s tiempo?&nbsp;<\/b><\/p>\n<p><span style=\"text-align: inherit;\"><b>&nbsp;<\/b><\/span><\/p>\n<p><b>Tienes la oportunidad de hacerlo sin salir del pa\u00eds, \u00bfsabes c\u00f3mo?&nbsp;<\/b><span style=\"text-align: inherit;\"><b><br><\/b><\/span><\/p>\n<p><\/p>\n<p><span lang=\"PL-PL\" style=\"accent-color: auto; place-content: normal; place-items: normal; place-self: auto; alignment-baseline: auto; anchor-name: none; animation: 0s ease 0s 1 normal none running none; animation-composition: replace; app-region: none; appearance: none; aspect-ratio: auto; backdrop-filter: none; backface-visibility: visible; background: none 0% 0% \/ auto repeat scroll padding-box border-box rgba(0, 0, 0, 0); background-blend-mode: normal; baseline-shift: 0px; baseline-source: auto; border-image: none 100% \/ 1 \/ 0 stretch; border-collapse: separate; border-end-end-radius: 0px; border-end-start-radius: 0px; border-spacing: 0px; border-start-end-radius: 0px; border-start-start-radius: 0px; border-radius: 0px; inset: auto; box-shadow: none; box-sizing: content-box; break-after: auto; break-before: auto; break-inside: auto; buffered-rendering: auto; caption-side: top; caret-color: #2e2c7d; clear: none; clip: auto; clip-path: none; clip-rule: nonzero; color-interpolation: srgb; color-interpolation-filters: linearrgb; color-rendering: auto; color-scheme: normal; columns: auto; column-fill: balance; gap: normal; column-rule: 0px #2e2c7d; column-span: none; contain: none; contain-intrinsic-block-size: none; contain-intrinsic-size: none; contain-intrinsic-inline-size: none; container: none; content: normal; content-visibility: visible; counter-increment: none; counter-reset: none; counter-set: none; cursor: text; cx: 0px; cy: 0px; d: none; direction: ltr; display: inline; dominant-baseline: auto; empty-cells: show; field-sizing: fixed; fill: #000000; fill-opacity: 1; fill-rule: nonzero; filter: none; flex: 0 1 auto; flex-flow: row; float: none; flood-color: #000000; flood-opacity: 1; font-family: WordVisi_MSFontService, Aptos, Aptos_EmbeddedFont, Aptos_MSFontService, sans-serif; font-feature-settings: normal; font-kerning: none; font-optical-sizing: auto; font-palette: normal; font-stretch: 100%; font-synthesis: weight style small-caps; font-variant-ligatures: none; font-variant-numeric: normal; font-variant-east-asian: normal; font-variant-alternates: normal; font-variant-position: normal; font-variation-settings: normal; font-weight: bold; forced-color-adjust: auto; grid-area: auto; grid: none; height: auto; hyphenate-character: auto; hyphenate-limit-chars: auto; hyphens: manual; image-orientation: from-image; image-rendering: auto; initial-letter: normal; inline-size: auto; inset-area: none; inset-block: auto; inset-inline: auto; isolation: auto; lighting-color: #ffffff; line-break: auto; line-height: 18px; list-style: outside none disc; marker: none; mask: none; mask-type: luminance; math-depth: 0; math-shift: normal; math-style: normal; max-height: none; max-width: none; min-height: 0px; min-width: 0px; mix-blend-mode: normal; object-fit: fill; object-position: 50% 50%; object-view-box: none; offset: normal; opacity: 1; order: 0; outline: #2e2c7d none 0px; outline-offset: 0px; overflow: visible; overflow-anchor: auto; overflow-clip-margin: 0px; overflow-wrap: break-word; overlay: none; overscroll-behavior-block: auto; overscroll-behavior-inline: auto; overscroll-behavior: auto; page: auto; paint-order: normal; perspective: none; perspective-origin: 0px 0px; pointer-events: auto; position: static; position-anchor: implicit; position-try: none; position-visibility: always; quotes: auto; r: 0px; resize: none; rotate: none; ruby-position: over; rx: auto; ry: auto; scale: none; scroll-behavior: auto; scroll-margin-block: 0px; scroll-margin: 0px; scroll-margin-inline: 0px; scroll-padding-block: auto; scroll-padding: auto; scroll-padding-inline: auto; scroll-snap-align: none; scroll-snap-stop: normal; scroll-snap-type: none; scroll-timeline: none; scrollbar-color: auto; scrollbar-gutter: auto; scrollbar-width: auto; shape-image-threshold: 0; shape-margin: 0px; shape-outside: none; shape-rendering: auto; speak: normal; stop-color: #000000; stop-opacity: 1; stroke: none; stroke-dasharray: none; stroke-dashoffset: 0px; stroke-linecap: butt; stroke-linejoin: miter; stroke-miterlimit: 4; stroke-opacity: 1; stroke-width: 1px; tab-size: 8; table-layout: auto; text-align: justify; text-align-last: auto; text-anchor: start; text-combine-upright: none; text-decoration-style: solid; text-decoration-color: #2e2c7d; text-decoration-skip-ink: auto; text-emphasis: none #2e2c7d; text-emphasis-position: over; text-orientation: mixed; text-overflow: clip; text-rendering: auto; text-shadow: none; text-size-adjust: auto; text-spacing-trim: normal; text-underline-offset: auto; text-underline-position: auto; white-space-collapse: preserve; timeline-scope: none; touch-action: auto; transform: none; transform-box: view-box; transform-origin: 0px 0px; transform-style: flat; transition: all 0s ease 0s; translate: none; unicode-bidi: normal; user-select: text; vector-effect: none; vertical-align: baseline; view-timeline: none; view-transition-class: none; view-transition-name: none; visibility: visible; border-block-end: 0px none #2e2c7d; border-block-start: 0px none #2e2c7d; border-inline-end: 0px none #2e2c7d; -webkit-border-image: none; border-inline-start: 0px none #2e2c7d; -webkit-box-align: stretch; -webkit-box-decoration-break: slice; -webkit-box-direction: normal; -webkit-box-flex: 0; -webkit-box-ordinal-group: 1; -webkit-box-orient: horizontal; -webkit-box-pack: start; -webkit-font-smoothing: auto; -webkit-line-break: auto; -webkit-locale: 'PL-PL'; block-size: auto; margin-block: 0px; margin-inline: 0px; -webkit-mask-box-image-source: none; -webkit-mask-box-image-slice: 0 fill; -webkit-mask-box-image-width: auto; -webkit-mask-box-image-outset: 0; -webkit-mask-box-image-repeat: stretch; max-block-size: none; max-inline-size: none; min-block-size: 0px; min-inline-size: 0px; padding-block: 0px; padding-inline: 0px; -webkit-print-color-adjust: economy; -webkit-rtl-ordering: logical; -webkit-ruby-position: before; -webkit-tap-highlight-color: rgba(0, 0, 0, 0); -webkit-text-combine: none; -webkit-text-fill-color: #2e2c7d; -webkit-text-orientation: vertical-right; -webkit-text-security: none; -webkit-text-stroke-color: #2e2c7d; -webkit-user-drag: none; -webkit-user-modify: read-only; -webkit-writing-mode: horizontal-tb; width: auto; will-change: auto; word-break: normal; writing-mode: horizontal-tb; x: 0px; y: 0px; z-index: auto; zoom: 1; border: 0px none #2e2c7d;\" xml:lang=\"PL-PL\" data-contrast=\"none\">Si vives en Polonia y piensas quedarte aqu\u00ed durante un periodo prolongado, hay varias formas de prolongar tu estancia legalmente sin salir del pa\u00eds.<\/span><\/p>\n<p>Puedes hacerlo presentando una solicitud de permiso de residencia temporal al Gobernador Provincial correspondiente. Aqu\u00ed tienes algunas sugerencias de permisos de residencia temporal que puedes considerar, seg\u00fan tu situaci\u00f3n: <\/p>\n<p><\/p>\n<ul>\n<li>Obtener un permiso de residencia temporal por motivos de trabajo;<\/li>\n<li>Obtener un permiso de residencia temporal para trabajar en una ocupaci\u00f3n altamente cualificada;<\/li>\n<li>Obtener un permiso de residencia temporal por motivos profesionales;<\/li>\n<li>Obtenci\u00f3n de un permiso de residencia temporal por convivencia con un ciudadano polaco;<\/li>\n<li>Obtener un permiso de residencia temporal para realizar o continuar estudios a tiempo completo;<\/li>\n<li>Obtenci\u00f3n de un permiso de residencia temporal por convivencia con un extranjero.<\/li>\n<\/ul>\n<p><span style=\"text-align: inherit;\"><b>Ofrecemos un servicio de asesoramiento integral en la tramitaci\u00f3n de procedimientos de suspensi\u00f3n, desde la consulta inicial para evaluar el fundamento adecuado de una suspensi\u00f3n hasta la decisi\u00f3n de la autoridad de <\/b><\/span><span style=\"text-align: inherit;\"><span style=\"color: red;\"><b>primera instancia<\/b><span style=\"letter-spacing: 0px;\"><b> <\/b><\/span><\/span><\/span><b style=\"text-align: inherit; color: inherit; letter-spacing: 0px;\"> de la Administraci\u00f3n P\u00fablica competente. <\/b><\/p>\n<p><b style=\"text-align: inherit; color: inherit; letter-spacing: 0px;\">&nbsp;<\/b><\/p>\n<p><span style=\"text-align: inherit;\"><span style=\"color: #ef7d00;\">*Ofrecemos servicios de asesoramiento integral en la tramitaci\u00f3n de procedimientos de suspensi\u00f3n, desde la consulta inicial para evaluar el fundamento adecuado de la suspensi\u00f3n hasta la decisi\u00f3n de la autoridad de primera instancia de la administraci\u00f3n p\u00fablica competente.&nbsp;<\/span><\/span><\/p>\n<p><\/p>\n<p><span style=\"font-weight: bold; color: #ef7d00;\">&nbsp;<\/span><b style=\"text-align: inherit; color: inherit; letter-spacing: 0px;\"><br><\/b><\/p>\n<p><span style=\"text-align: inherit;\"><b>A continuaci\u00f3n encontrar\u00e1s una descripci\u00f3n detallada de <\/b><\/span><span style=\"text-align: inherit;\"><span style=\"color: #ef7d00;\"><b>Fase I<\/b><\/span><\/span><b style=\"text-align: inherit; color: inherit; letter-spacing: 0px;\"> de implantaci\u00f3n del servicio:<\/b><\/p>\n<p><b style=\"text-align: inherit; color: inherit; letter-spacing: 0px;\">&nbsp;<\/b><\/p>\n<p><span style=\"text-align: inherit;\"><span style=\"color: #ef7d00;\"><b>Consulta y an\u00e1lisis:&nbsp;<\/b><\/span><\/span><b style=\"text-align: inherit; color: inherit; letter-spacing: 0px;\"><br><\/b><\/p>\n<ul>\n<li><span data-contrast=\"none\" xml:lang=\"PL-PL\" lang=\"PL-PL\" style=\"font-size: 12pt; letter-spacing: 0px; -webkit-user-drag: none; -webkit-tap-highlight-color: transparent; user-select: text; text-align: justify; white-space-collapse: preserve; line-height: 18px; font-family: Aptos, Aptos_EmbeddedFont, Aptos_MSFontService, sans-serif; font-variant-ligatures: none !important;\"><span style=\"-webkit-user-drag: none; -webkit-tap-highlight-color: transparent; user-select: text;\">Consultas exhaustivas a clientes sobre el proceso de legalizaci\u00f3n de la residencia temporal<\/span><span style=\"-webkit-user-drag: none; -webkit-tap-highlight-color: transparent; user-select: text;\"> <\/span><span style=\"-webkit-user-drag: none; -webkit-tap-highlight-color: transparent; user-select: text;\">en Polonia.<\/span><\/span><\/li>\n<li><span data-ccp-props=\"{\"201341983\":0,\"335551550\":6,\"335551620\":6,\"335559739\":0,\"335559740\":240}\" style=\"font-size: 12pt; letter-spacing: 0px; -webkit-user-drag: none; -webkit-tap-highlight-color: transparent; user-select: text; text-align: justify; white-space-collapse: preserve; line-height: 18px; font-family: Aptos, Aptos_EmbeddedFont, Aptos_MSFontService, sans-serif;\"><span data-contrast=\"none\" xml:lang=\"PL-PL\" lang=\"PL-PL\" style=\"-webkit-user-drag: none; -webkit-tap-highlight-color: transparent; user-select: text; font-size: 12pt; line-height: 18px; font-variant-ligatures: none !important;\"><span style=\"-webkit-user-drag: none; -webkit-tap-highlight-color: transparent; user-select: text;\">An\u00e1lisis del estado de la situaci\u00f3n y de los documentos aportados para determinar las necesidades individuales del cliente y sus objetivos de residencia.<\/span><\/span><\/span><\/li>\n<\/ul>\n<div style=\"text-align: justify;\"><span style=\"text-align: start;\"><font color=\"#ef7d00\"><b>Desarrollo de la propuesta:&nbsp;<\/b><\/font><\/span><br><\/div>\n<ul>\n<li style=\"text-align: justify;\"><font face=\"Aptos, Aptos_EmbeddedFont, Aptos_MSFontService, sans-serif\"><span style=\"font-variant-ligatures: none; white-space-collapse: preserve;\">Preparaci\u00f3n de una solicitud de residencia temporal completa.<\/span><\/font><br><\/li>\n<li><span data-ccp-props=\"{\"201341983\":0,\"335551550\":6,\"335551620\":6,\"335559739\":0,\"335559740\":240}\" style=\"font-size: 12pt; letter-spacing: 0px; -webkit-user-drag: none; -webkit-tap-highlight-color: transparent; user-select: text; text-align: justify; white-space-collapse: preserve; line-height: 18px; font-family: Aptos, Aptos_EmbeddedFont, Aptos_MSFontService, sans-serif;\"><span data-contrast=\"none\" xml:lang=\"PL-PL\" lang=\"PL-PL\" style=\"-webkit-user-drag: none; -webkit-tap-highlight-color: transparent; user-select: text; font-size: 12pt; line-height: 18px; font-variant-ligatures: none !important;\">Apoyo para cumplimentar la solicitud, proporcionando informaci\u00f3n detallada y asistencia en cada fase del proceso.<\/span><\/span><\/li>\n<li><span data-ccp-props=\"{\"201341983\":0,\"335551550\":6,\"335551620\":6,\"335559739\":0,\"335559740\":240}\" style=\"-webkit-user-drag: none; -webkit-tap-highlight-color: transparent; user-select: text; text-align: justify; line-height: 18px;\"><span data-contrast=\"none\" xml:lang=\"PL-PL\" lang=\"PL-PL\" style=\"-webkit-user-drag: none; -webkit-tap-highlight-color: transparent; user-select: text; line-height: 18px;\"><font face=\"Aptos, Aptos_EmbeddedFont, Aptos_MSFontService, sans-serif\"><span style=\"font-variant-ligatures: none; white-space-collapse: preserve;\">Comprobaci\u00f3n de que todos los documentos est\u00e1n correctamente cumplimentados y confirmaci\u00f3n del cumplimiento de los requisitos de la oficina provincial.<\/span><\/font><br><\/span><\/span><\/li>\n<\/ul>\n<div style=\"text-align: justify;\">\n<div><span style=\"text-align: start;\"><font color=\"#ef7d00\"><b>An\u00e1lisis y preparaci\u00f3n de documentos justificativos:&nbsp;<\/b><\/font><\/span><br><\/div>\n<ul style=\"text-align: start;\">\n<li style=\"text-align: justify;\"><font face=\"Aptos, Aptos_EmbeddedFont, Aptos_MSFontService, sans-serif\"><span style=\"font-variant-ligatures: none; white-space-collapse: preserve;\">Ayudar en la preparaci\u00f3n de documentos adicionales en funci\u00f3n de las necesidades de la oficina.<\/span><\/font>&nbsp;<br><\/li>\n<li><span data-contrast=\"none\" xml:lang=\"PL-PL\" lang=\"PL-PL\" style=\"-webkit-user-drag: none; -webkit-tap-highlight-color: transparent; user-select: text; font-size: 12pt; text-align: justify; white-space-collapse: preserve; line-height: 18px; font-family: Aptos, Aptos_EmbeddedFont, Aptos_MSFontService, sans-serif; font-variant-ligatures: none !important;\">Comprobaci\u00f3n de que todos los documentos justificativos cumplen los criterios oficiales, garantizando que el proceso de legalizaci\u00f3n se desarrolle sin problemas.<\/span><\/li>\n<\/ul>\n<div>\n<div><span style=\"text-align: start;\"><font color=\"#ef7d00\"><b>Apoyo hasta obtener la Confirmaci\u00f3n:&nbsp;<\/b><\/font><\/span><br><\/div>\n<ul style=\"text-align: start;\">\n<li style=\"text-align: justify;\"><font face=\"Aptos, Aptos_EmbeddedFont, Aptos_MSFontService, sans-serif\"><span style=\"font-variant-ligatures: none; white-space-collapse: preserve;\">Servicio integral que cubre el proceso de solicitud de residencia temporal.<\/span><\/font>&nbsp;<br><\/li>\n<li><span data-ccp-props=\"{\"201341983\":0,\"335551550\":6,\"335551620\":6,\"335559739\":0,\"335559740\":240}\" style=\"font-size: 12pt; letter-spacing: 0px; -webkit-user-drag: none; -webkit-tap-highlight-color: transparent; user-select: text; text-align: justify; white-space-collapse: preserve; line-height: 18px; font-family: Aptos, Aptos_EmbeddedFont, Aptos_MSFontService, sans-serif;\"><span data-contrast=\"none\" xml:lang=\"PL-PL\" lang=\"PL-PL\" style=\"-webkit-user-drag: none; -webkit-tap-highlight-color: transparent; user-select: text; font-size: 12pt; line-height: 18px; font-variant-ligatures: none !important;\">Asistencia en persona o a distancia el d\u00eda de la visita a la oficina para la presentaci\u00f3n de huellas dactilares.<\/span><\/span><\/li>\n<li style=\"text-align: justify;\"><font face=\"Aptos, Aptos_EmbeddedFont, Aptos_MSFontService, sans-serif\"><span style=\"font-variant-ligatures: none; white-space-collapse: preserve;\">Prestar apoyo hasta que se reciba la confirmaci\u00f3n de que la solicitud de permiso de residencia temporal del cliente est\u00e1 completa y es correcta.<\/span><\/font>&nbsp;<br><\/li>\n<\/ul>\n<\/div>\n<div><font face=\"Aptos, Aptos_EmbeddedFont, Aptos_MSFontService, sans-serif\"><span style=\"font-variant-ligatures: none; white-space-collapse: preserve;\"><br><\/span><\/font><\/div>\n<\/div>\n<div style=\"text-align: justify;\"><font face=\"Aptos, Aptos_EmbeddedFont, Aptos_MSFontService, sans-serif\"><span style=\"font-variant-ligatures: none; white-space-collapse: preserve;\"><br><\/span><\/font><\/div>\n<div style=\"text-align: justify;\"><span style=\"text-align: inherit;\"><b>TARJETA DE RESIDENCIA &#8211; \u00bfC\u00d3MO OBTENERLA?  <\/b><font color=\"rgba(0, 0, 0, 0)\"><span style=\"letter-spacing: 0px;\"><b>:<\/b><\/span><\/font><\/span><font face=\"Aptos, Aptos_EmbeddedFont, Aptos_MSFontService, sans-serif\"><span style=\"font-variant-ligatures: none; white-space-collapse: preserve;\"><br><\/span><\/font><\/div>\n<p><\/p>\n<p><b style=\"text-align: inherit; color: inherit; letter-spacing: 0px;\">&nbsp;<\/b><\/p>\n<p>La solicitud debe presentarse durante el periodo de residencia legal en la Rep\u00fablica de Polonia ante la Oficina Provincial competente para el lugar de residencia actual. Para recibir una decisi\u00f3n positiva, el extranjero debe demostrar que dispone de una fuente de ingresos estable y regular suficiente para cubrir sus medios de subsistencia y los de los miembros de su familia, un lugar de residencia, un seguro y, si desea permanecer en Polonia por motivos laborales, el empresario tambi\u00e9n debe demostrar su voluntad de contratar al extranjero en condiciones adecuadas. &nbsp;<\/p>\n<p><br><\/p>\n<p>El periodo de espera para que un caso prospere puede variar de 3 a 8 meses&nbsp;<\/p>\n<p><\/p>\n<p><br><\/p>\n<p><\/p>\n<p><strong>\u00bfQU\u00c9 BENEFICIOS?<\/strong><\/p>\n<p><strong><br><\/strong><\/p>\n<p><\/p>\n<ul>\n<li><font color=\"#ef7d00\"><b>Situaci\u00f3n de residencia tras la solicitud<\/b><\/font><\/li>\n<\/ul>\n<div>Una vez que hayas presentado tu solicitud y cumplimentado todos los documentos requeridos a partir de la fecha de solicitud, tu estancia se considerar\u00e1 legal hasta la fecha de la decisi\u00f3n final. Conviene recordar que la estampaci\u00f3n del sello no te da la posibilidad de viajar a los pa\u00edses de la UE, mientras que siempre puedes ir a tu pa\u00eds de origen, pero debes obtener un visado para poder regresar. &nbsp;<font color=\"#ef7d00\"><b><br><\/b><\/font><b>\u00a1Solicita un permiso de residencia temporal incluso el \u00faltimo d\u00eda de tu estancia legal!&nbsp;<\/b><span style=\"font-weight: bolder;\">&nbsp;<\/span><br><\/div>\n<p><br><\/p>\n<ul>\n<li><font color=\"#ef7d00\"><b>Tarjeta de residencia&nbsp;<\/b><\/font><\/li>\n<\/ul>\n<div>Durante su periodo de validez, la tarjeta de residencia confirma la identidad durante la estancia en el territorio de la Rep\u00fablica de Polonia y, junto con un documento de viaje, da derecho a cruzar la frontera varias veces sin necesidad de obtener un visado.&nbsp;<font color=\"#ef7d00\"><span style=\"font-weight: 700;\"><br><\/span><\/font><br><\/div>\n<div><br><\/div>\n<p><br><\/p>\n<p><\/p>\n<p><strong>\u00bfTienes alguna pregunta? <a href=\"https:\/\/legalnodopolshi.com\/#contact\"><u>Ponte en contacto<\/u><\/a> &#8211; nos pondremos en contacto contigo lo antes posible.  <\/strong><\/p>\n<p><br><\/p>\t\t\t\t\t<\/div>\n\t\t\t\t\t\t<\/div>\n\t\t\t\t<\/div>\n\t\t\t\t\t\t<\/div>\n\t\t\t\t\t<\/div>\n\t\t<\/div>\n\t\t\t\t\t\t\t\t<\/div>\n\t\t\t\t\t<\/div>\n\t\t<\/section>\n\t\t\t\t\t\t\t\t\t<\/div>\n\t\t\t<\/div>\n\t\t\t\t\t<\/div>\n\t\t","protected":false},"excerpt":{"rendered":"RESIDENCIA TEMPORAL - PARTE I - PRESENTACI\u00d3N DE LA SOLICITUD * Comprar \u00bfVives en Polonia y tienes intenci\u00f3n de quedarte...","protected":false},"author":1,"featured_media":0,"parent":0,"menu_order":0,"comment_status":"closed","ping_status":"closed","template":"","meta":[],"acf":[],"_links":{"self":[{"href":"https:\/\/legalnodopolshi.com\/es\/wp-json\/wp\/v2\/pages\/7706"}],"collection":[{"href":"https:\/\/legalnodopolshi.com\/es\/wp-json\/wp\/v2\/pages"}],"about":[{"href":"https:\/\/legalnodopolshi.com\/es\/wp-json\/wp\/v2\/types\/page"}],"author":[{"embeddable":true,"href":"https:\/\/legalnodopolshi.com\/es\/wp-json\/wp\/v2\/users\/1"}],"replies":[{"embeddable":true,"href":"https:\/\/legalnodopolshi.com\/es\/wp-json\/wp\/v2\/comments?post=7706"}],"version-history":[{"count":4,"href":"https:\/\/legalnodopolshi.com\/es\/wp-json\/wp\/v2\/pages\/7706\/revisions"}],"predecessor-version":[{"id":7780,"href":"https:\/\/legalnodopolshi.com\/es\/wp-json\/wp\/v2\/pages\/7706\/revisions\/7780"}],"wp:attachment":[{"href":"https:\/\/legalnodopolshi.com\/es\/wp-json\/wp\/v2\/media?parent=7706"}],"curies":[{"name":"wp","href":"https:\/\/api.w.org\/{rel}","templated":true}]}}