{"id":7699,"date":"2026-02-13T12:40:30","date_gmt":"2026-02-13T11:40:30","guid":{"rendered":"https:\/\/legalnodopolshi.com\/asesoramiento-para-legalizar-tu-estancia-840-pln\/"},"modified":"2026-03-09T14:37:41","modified_gmt":"2026-03-09T13:37:41","slug":"asesoramiento-para-legalizar-tu-estancia-840-pln","status":"publish","type":"page","link":"https:\/\/legalnodopolshi.com\/es\/asesoramiento-para-legalizar-tu-estancia-840-pln\/","title":{"rendered":"ASESORAMIENTO PARA LEGALIZAR TU ESTANCIA <br> 840 PLN"},"content":{"rendered":"\t\t<div data-elementor-type=\"wp-page\" data-elementor-id=\"7699\" class=\"elementor elementor-7699 elementor-6565\" data-elementor-post-type=\"page\">\n\t\t\t\t\t\t<div class=\"elementor-inner\">\n\t\t\t\t<div class=\"elementor-section-wrap\">\n\t\t\t\t\t\t\t\t\t<section class=\"elementor-section elementor-top-section elementor-element elementor-element-e79fa53 elementor-section-boxed elementor-section-height-default elementor-section-height-default\" data-id=\"e79fa53\" data-element_type=\"section\">\n\t\t\t\t\t\t<div class=\"elementor-container elementor-column-gap-default\">\n\t\t\t\t\t\t\t<div class=\"elementor-row\">\n\t\t\t\t\t<div class=\"elementor-column elementor-col-66 elementor-top-column elementor-element elementor-element-50831a4\" data-id=\"50831a4\" data-element_type=\"column\">\n\t\t\t<div class=\"elementor-column-wrap elementor-element-populated\">\n\t\t\t\t\t\t\t<div class=\"elementor-widget-wrap\">\n\t\t\t\t\t\t<div class=\"elementor-element elementor-element-53c8584 elementor-widget elementor-widget-heading\" data-id=\"53c8584\" data-element_type=\"widget\" data-widget_type=\"heading.default\">\n\t\t\t\t<div class=\"elementor-widget-container\">\n\t\t\t<h2 class=\"elementor-heading-title elementor-size-default\">Asesoramiento sobre la legalizaci\u00f3n de la residencia  <\/h2>\t\t<\/div>\n\t\t\t\t<\/div>\n\t\t\t\t\t\t<\/div>\n\t\t\t\t\t<\/div>\n\t\t<\/div>\n\t\t\t\t<div class=\"elementor-column elementor-col-33 elementor-top-column elementor-element elementor-element-63ab583\" data-id=\"63ab583\" data-element_type=\"column\">\n\t\t\t<div class=\"elementor-column-wrap elementor-element-populated\">\n\t\t\t\t\t\t\t<div class=\"elementor-widget-wrap\">\n\t\t\t\t\t\t<div class=\"elementor-element elementor-element-9d823f3 elementor-align-center elementor-widget elementor-widget-button\" data-id=\"9d823f3\" data-element_type=\"widget\" data-widget_type=\"button.default\">\n\t\t\t\t<div class=\"elementor-widget-container\">\n\t\t\t\t\t<div class=\"elementor-button-wrapper\">\n\t\t\t<a class=\"elementor-button elementor-button-link elementor-size-md\" href=\"https:\/\/legalnodopolshi.com\/?add-to-cart=6908&#038;quantity=1&#038;e-redirect=https:\/\/legalnodopolshi.com\/es\/zamowienie\/\">\n\t\t\t\t\t\t<span class=\"elementor-button-content-wrapper\">\n\t\t\t\t\t\t<span class=\"elementor-button-icon elementor-align-icon-right\">\n\t\t\t\t<i aria-hidden=\"true\" class=\"fas fa-shopping-cart\"><\/i>\t\t\t<\/span>\n\t\t\t\t\t\t<span class=\"elementor-button-text\">Comprar<\/span>\n\t\t<\/span>\n\t\t\t\t\t<\/a>\n\t\t<\/div>\n\t\t\t\t<\/div>\n\t\t\t\t<\/div>\n\t\t\t\t\t\t<\/div>\n\t\t\t\t\t<\/div>\n\t\t<\/div>\n\t\t\t\t\t\t\t\t<\/div>\n\t\t\t\t\t<\/div>\n\t\t<\/section>\n\t\t\t\t<section class=\"elementor-section elementor-top-section elementor-element elementor-element-7cc42b6 elementor-section-boxed elementor-section-height-default elementor-section-height-default\" data-id=\"7cc42b6\" data-element_type=\"section\">\n\t\t\t\t\t\t<div class=\"elementor-container elementor-column-gap-default\">\n\t\t\t\t\t\t\t<div class=\"elementor-row\">\n\t\t\t\t\t<div class=\"elementor-column elementor-col-100 elementor-top-column elementor-element elementor-element-a548808\" data-id=\"a548808\" data-element_type=\"column\">\n\t\t\t<div class=\"elementor-column-wrap elementor-element-populated\">\n\t\t\t\t\t\t\t<div class=\"elementor-widget-wrap\">\n\t\t\t\t\t\t<div class=\"elementor-element elementor-element-aab86c2 elementor-widget__width-initial elementor-widget elementor-widget-text-editor\" data-id=\"aab86c2\" data-element_type=\"widget\" data-widget_type=\"text-editor.default\">\n\t\t\t\t<div class=\"elementor-widget-container\">\n\t\t\t\t\t\t\t\t<div class=\"elementor-text-editor elementor-clearfix\">\n\t\t\t\t<p><span style=\"font-weight: bold; text-align: start;\">\u00bfNecesitas ayuda con el proceso de legalizaci\u00f3n de tu estancia en Polonia?<\/span><span style=\"color: inherit; letter-spacing: 0px; text-align: inherit;\"><br \/><\/span><\/p>\n<div style=\"text-align: justify;\"><span style=\"color: inherit; letter-spacing: 0px; text-align: inherit;\"> <\/span><\/div>\n<div style=\"text-align: justify;\">Nuestro servicio ofrece apoyo integral en cada etapa de este exigente proceso. Tanto si necesitas ayuda para reunir documentos, enviar una reclamaci\u00f3n o determinar el estado de tu caso, \u00a1podemos ayudarte! <\/div>\n<div style=\"text-align: justify;\"> <\/div>\n<p><b>Te lo ofrecemos:<\/b><\/p>\n<p><span style=\"letter-spacing: 0px; text-align: inherit;\"><span style=\"color: #ef7d00;\"><b> <\/b><\/span><\/span><\/p>\n<p><span style=\"font-weight: bold; letter-spacing: 0px; text-align: inherit;\">1.<\/span><span style=\"letter-spacing: 0px; text-align: inherit;\"><span style=\"color: #ef7d00;\"><b>  Asistencia en la recopilaci\u00f3n de un conjunto de documentos:<\/b><\/span><\/span><\/p>\n<p><span style=\"letter-spacing: 0px; text-align: inherit;\"> <\/span><\/p>\n<ul>\n<li><span style=\"text-align: inherit;\">Consulta y asesoramiento sobre el procedimiento relacionado con la legalizaci\u00f3n de la residencia en Polonia;<\/span><\/li>\n<li><span style=\"text-align: inherit;\">Te ayudaremos a reunir todos los documentos necesarios adecuados a tu caso bas\u00e1ndonos en una lista de comprobaci\u00f3n detallada;<\/span><\/li>\n<li><span style=\"text-align: inherit;\">Proporcionamos apoyo y comprobamos cuidadosamente todos los documentos necesarios para solicitar correctamente la residencia en Polonia nosotros mismos.<\/span><\/li>\n<\/ul>\n<div>\n<p><span style=\"color: #2e2c7d; font-weight: bold; letter-spacing: 0px; text-align: inherit;\">2.<\/span><span style=\"text-align: inherit;\"><span style=\"color: #ef7d00;\"><span style=\"letter-spacing: 0px;\"><b> <\/b><\/span><b>Enviar una solicitud por correspondencia:<\/b><\/span><\/span><\/p>\n<p style=\"color: #2e2c7d;\"><span style=\"letter-spacing: 0px; text-align: inherit;\"> <\/span><\/p>\n<ul>\n<li><span style=\"text-align: inherit;\">Si necesitas que preparemos y presentemos una solicitud de residencia en tu nombre, podemos hacerlo por correspondencia.<\/span><\/li>\n<li>Te orientamos para que re\u00fanas adecuadamente todos los documentos necesarios para tu caso bas\u00e1ndonos en una lista de comprobaci\u00f3n detallada.<\/li>\n<li>Todos los documentos se preparar\u00e1n adecuadamente y se enviar\u00e1n de acuerdo con los requisitos de la autoridad competente.<\/li>\n<\/ul>\n<div>\n<p><span style=\"color: #2e2c7d; font-weight: bold; letter-spacing: 0px; text-align: inherit;\">3.<\/span><span style=\"color: #2e2c7d; text-align: inherit;\"><span style=\"color: #ef7d00;\"><span style=\"letter-spacing: 0px;\"><span style=\"font-weight: bold;\"> <\/span><\/span><\/span><\/span><span style=\"text-align: inherit;\"><span style=\"color: #ef7d00;\"><b>Determinaci\u00f3n del estado del caso:<\/b><\/span><span style=\"letter-spacing: 0px;\"> <\/span><\/span><\/p>\n<p style=\"color: #2e2c7d;\"><span style=\"letter-spacing: 0px; text-align: inherit;\"> <\/span><\/p>\n<ul>\n<li><span style=\"text-align: inherit;\">Si ya tienes una solicitud pendiente o necesitas comprobar el estado de tu caso, podemos ayudarte con ello.<\/span><\/li>\n<li>Nuestro apoyo incluye obtener informaci\u00f3n sobre los procedimientos pendientes, concertar una cita con la oficina para revisar el expediente del caso y obtener informaci\u00f3n sobre las posibilidades de recurrir la decisi\u00f3n.<\/li>\n<li>Si es necesario iniciar el procedimiento, transfiere el caso seg\u00fan la jurisdicci\u00f3n (cambio de residencia).  <\/li>\n<\/ul>\n<\/div>\n<\/div>\n<div><span style=\"text-align: inherit;\"><span style=\"color: #ef7d00;\"><b>Proporcionamos<\/b><\/span><\/span><\/div>\n<div><span style=\"text-align: inherit;\"><span style=\"color: #ef7d00;\"><b> <\/b><\/span><\/span><\/div>\n<p><span style=\"text-align: justify;\"><strong>Consulta y orientaci\u00f3n:<\/strong> te ofrecemos apoyo en la fase inicial del proceso, proporcion\u00e1ndote la informaci\u00f3n necesaria y ayud\u00e1ndote a comprender los procedimientos.  <\/span><\/p>\n<p><span style=\"text-align: justify;\"> <\/span><\/p>\n<p><span style=\"text-align: justify;\">Instrucciones y directrices <strong>claras:<\/strong> Proporcionamos instrucciones y directrices claras sobre los siguientes pasos del proceso de validaci\u00f3n.<\/span><span style=\"text-align: justify;\"><br \/><\/span><\/p>\n<p><span style=\"text-align: justify;\"> <\/span><\/p>\n<p><span style=\"text-align: justify;\"><strong>Informaci\u00f3n sobre tasas y documentos necesarios:<\/strong> Proporcionamos informaci\u00f3n sobre tasas, documentos necesarios, plazos de solicitud y contactos con las autoridades competentes.<\/span><span style=\"text-align: justify;\"><br \/><\/span><\/p>\n<p><span style=\"text-align: justify;\"> <\/span><\/p>\n<p><span style=\"text-align: inherit;\">Nuestro equipo de especialistas est\u00e1 aqu\u00ed para ayudarte a navegar con \u00e9xito por el proceso de legalizaci\u00f3n de tu estancia en Polonia.<\/span><span style=\"text-align: justify;\"><br \/><\/span><\/p>\n<\/p>\n<div> <\/div>\n<p><strong><span style=\"text-decoration: underline;\"><a href=\"https:\/\/legalnodopolshi.com\/#contact\">Ponte en contacto con<\/a><\/span> <\/strong><span style=\"text-align: inherit;\"><b>para m\u00e1s informaci\u00f3n o para concertar una consulta<\/b><\/span><\/p>\n\t\t\t\t\t<\/div>\n\t\t\t\t\t\t<\/div>\n\t\t\t\t<\/div>\n\t\t\t\t\t\t<\/div>\n\t\t\t\t\t<\/div>\n\t\t<\/div>\n\t\t\t\t\t\t\t\t<\/div>\n\t\t\t\t\t<\/div>\n\t\t<\/section>\n\t\t\t\t\t\t\t\t\t<\/div>\n\t\t\t<\/div>\n\t\t\t\t\t<\/div>\n\t\t","protected":false},"excerpt":{"rendered":"Asesoramiento sobre la legalizaci\u00f3n de la residencia Comprar \u00bfNecesitas ayuda con el proceso de legalizaci\u00f3n de tu estancia en Polonia?...","protected":false},"author":1,"featured_media":0,"parent":0,"menu_order":0,"comment_status":"closed","ping_status":"closed","template":"","meta":[],"acf":[],"_links":{"self":[{"href":"https:\/\/legalnodopolshi.com\/es\/wp-json\/wp\/v2\/pages\/7699"}],"collection":[{"href":"https:\/\/legalnodopolshi.com\/es\/wp-json\/wp\/v2\/pages"}],"about":[{"href":"https:\/\/legalnodopolshi.com\/es\/wp-json\/wp\/v2\/types\/page"}],"author":[{"embeddable":true,"href":"https:\/\/legalnodopolshi.com\/es\/wp-json\/wp\/v2\/users\/1"}],"replies":[{"embeddable":true,"href":"https:\/\/legalnodopolshi.com\/es\/wp-json\/wp\/v2\/comments?post=7699"}],"version-history":[{"count":4,"href":"https:\/\/legalnodopolshi.com\/es\/wp-json\/wp\/v2\/pages\/7699\/revisions"}],"predecessor-version":[{"id":7777,"href":"https:\/\/legalnodopolshi.com\/es\/wp-json\/wp\/v2\/pages\/7699\/revisions\/7777"}],"wp:attachment":[{"href":"https:\/\/legalnodopolshi.com\/es\/wp-json\/wp\/v2\/media?parent=7699"}],"curies":[{"name":"wp","href":"https:\/\/api.w.org\/{rel}","templated":true}]}}