{"id":7660,"date":"2026-02-13T12:40:24","date_gmt":"2026-02-13T11:40:24","guid":{"rendered":"https:\/\/legalnodopolshi.com\/colocacion-del-certificado-de-nacimiento-matrimonio-580-pln\/"},"modified":"2026-03-09T14:37:29","modified_gmt":"2026-03-09T13:37:29","slug":"colocacion-del-certificado-de-nacimiento-matrimonio-580-pln","status":"publish","type":"page","link":"https:\/\/legalnodopolshi.com\/es\/colocacion-del-certificado-de-nacimiento-matrimonio-580-pln\/","title":{"rendered":"COLOCACI\u00d3N DEL CERTIFICADO DE NACIMIENTO\/MATRIMONIO <br> 580 PLN"},"content":{"rendered":"\t\t<div data-elementor-type=\"wp-page\" data-elementor-id=\"7660\" class=\"elementor elementor-7660 elementor-6427\" data-elementor-post-type=\"page\">\n\t\t\t\t\t\t<div class=\"elementor-inner\">\n\t\t\t\t<div class=\"elementor-section-wrap\">\n\t\t\t\t\t\t\t\t\t<section class=\"elementor-section elementor-top-section elementor-element elementor-element-e79fa53 elementor-section-boxed elementor-section-height-default elementor-section-height-default\" data-id=\"e79fa53\" data-element_type=\"section\">\n\t\t\t\t\t\t<div class=\"elementor-container elementor-column-gap-default\">\n\t\t\t\t\t\t\t<div class=\"elementor-row\">\n\t\t\t\t\t<div class=\"elementor-column elementor-col-66 elementor-top-column elementor-element elementor-element-50831a4\" data-id=\"50831a4\" data-element_type=\"column\">\n\t\t\t<div class=\"elementor-column-wrap elementor-element-populated\">\n\t\t\t\t\t\t\t<div class=\"elementor-widget-wrap\">\n\t\t\t\t\t\t<div class=\"elementor-element elementor-element-53c8584 elementor-widget elementor-widget-heading\" data-id=\"53c8584\" data-element_type=\"widget\" data-widget_type=\"heading.default\">\n\t\t\t\t<div class=\"elementor-widget-container\">\n\t\t\t<h2 class=\"elementor-heading-title elementor-size-default\">Localizaci\u00f3n del certificado de nacimiento\/matrimonio<\/h2>\t\t<\/div>\n\t\t\t\t<\/div>\n\t\t\t\t\t\t<\/div>\n\t\t\t\t\t<\/div>\n\t\t<\/div>\n\t\t\t\t<div class=\"elementor-column elementor-col-33 elementor-top-column elementor-element elementor-element-63ab583\" data-id=\"63ab583\" data-element_type=\"column\">\n\t\t\t<div class=\"elementor-column-wrap elementor-element-populated\">\n\t\t\t\t\t\t\t<div class=\"elementor-widget-wrap\">\n\t\t\t\t\t\t<div class=\"elementor-element elementor-element-9d823f3 elementor-align-center elementor-widget elementor-widget-button\" data-id=\"9d823f3\" data-element_type=\"widget\" data-widget_type=\"button.default\">\n\t\t\t\t<div class=\"elementor-widget-container\">\n\t\t\t\t\t<div class=\"elementor-button-wrapper\">\n\t\t\t<a class=\"elementor-button elementor-button-link elementor-size-md\" href=\"https:\/\/legalnodopolshi.com\/?add-to-cart=6383&#038;quantity=1&#038;e-redirect=https:\/\/legalnodopolshi.com\/es\/zamowienie\/\">\n\t\t\t\t\t\t<span class=\"elementor-button-content-wrapper\">\n\t\t\t\t\t\t<span class=\"elementor-button-icon elementor-align-icon-right\">\n\t\t\t\t<i aria-hidden=\"true\" class=\"fas fa-shopping-cart\"><\/i>\t\t\t<\/span>\n\t\t\t\t\t\t<span class=\"elementor-button-text\">Comprar<\/span>\n\t\t<\/span>\n\t\t\t\t\t<\/a>\n\t\t<\/div>\n\t\t\t\t<\/div>\n\t\t\t\t<\/div>\n\t\t\t\t\t\t<\/div>\n\t\t\t\t\t<\/div>\n\t\t<\/div>\n\t\t\t\t\t\t\t\t<\/div>\n\t\t\t\t\t<\/div>\n\t\t<\/section>\n\t\t\t\t<section class=\"elementor-section elementor-top-section elementor-element elementor-element-7cc42b6 elementor-section-boxed elementor-section-height-default elementor-section-height-default\" data-id=\"7cc42b6\" data-element_type=\"section\">\n\t\t\t\t\t\t<div class=\"elementor-container elementor-column-gap-default\">\n\t\t\t\t\t\t\t<div class=\"elementor-row\">\n\t\t\t\t\t<div class=\"elementor-column elementor-col-100 elementor-top-column elementor-element elementor-element-a548808\" data-id=\"a548808\" data-element_type=\"column\">\n\t\t\t<div class=\"elementor-column-wrap elementor-element-populated\">\n\t\t\t\t\t\t\t<div class=\"elementor-widget-wrap\">\n\t\t\t\t\t\t<div class=\"elementor-element elementor-element-aab86c2 elementor-widget elementor-widget-text-editor\" data-id=\"aab86c2\" data-element_type=\"widget\" data-widget_type=\"text-editor.default\">\n\t\t\t\t<div class=\"elementor-widget-container\">\n\t\t\t\t\t\t\t\t<div class=\"elementor-text-editor elementor-clearfix\">\n\t\t\t\t<ul>\n<li><span style=\"text-align: inherit;\"><b>Servicio de localizaci\u00f3n de un registro de estado civil extranjero en Polonia  <\/b><\/span><\/li>\n<\/ul>\n<p><span style=\"font-size: 12pt; letter-spacing: 0px; -webkit-user-drag: none; -webkit-tap-highlight-color: transparent; user-select: text; text-align: justify; white-space-collapse: preserve; line-height: 18px; font-family: Aptos, Aptos_EmbeddedFont, Aptos_MSFontService, sans-serif;\" data-ccp-props=\"{\"134233117\":false,\"134233118\":false,\"201341983\":0,\"335551550\":6,\"335551620\":6,\"335559738\":0,\"335559739\":0,\"335559740\":240}\"> <\/span><\/p>\n<p>Nuestra oferta se dirige a las personas que necesitan inscribir en el registro polaco un certificado extranjero de nacimiento, defunci\u00f3n o matrimonio en el marco de diversos procedimientos jur\u00eddicos y administrativos .<\/p>\n<\/p>\n<p><b>Te lo ofrecemos:<\/b><\/p>\n<\/p>\n<ul>\n<li><span style=\"font-weight: bold; letter-spacing: 0px; color: #ef7d00;\">Ayuda para obtener<\/span><span style=\"letter-spacing: 0px; text-align: inherit;\"> una copia de un certificado de estado civil extranjero: te ayudamos a comprender los requisitos y te indicamos el camino m\u00e1s eficaz para obtener los documentos necesarios en el extranjero.<\/span><\/li>\n<li><span style=\"text-align: inherit;\"><span style=\"color: #ef7d00;\"><b>Asistencia para la legalizaci\u00f3n de escrituras <\/b><\/span><span style=\"letter-spacing: 0px;\"> <\/span><\/span>o la obtenci\u00f3n de una apostilla: ofrecemos asesoramiento y apoyo para saber cu\u00e1ndo y qu\u00e9 documentos requieren legalizaci\u00f3n o un sello de apostilla, y c\u00f3mo llevar a cabo el proceso.<\/li>\n<li><span style=\"text-align: inherit;\"><span style=\"color: #ef7d00;\"><b>Traducciones juradas <\/b><\/span><span style=\"letter-spacing: 0px;\"> <\/span><\/span>&#8211; Colaboramos con traductores jurados experimentados para proporcionar traducciones de documentos de estado civil extranjeros que sean profesionales y aceptables para las autoridades polacas.<\/li>\n<li><span style=\"text-align: inherit;\"><span style=\"color: #ef7d00;\"><b>Preparaci\u00f3n y presentaci\u00f3n de tu solicitud <\/b><\/span><span style=\"letter-spacing: 0px;\"> <\/span><\/span>&#8211; Te ayudamos a cumplimentar los documentos requeridos y a presentar correctamente las solicitudes oficiales, y te informamos sobre el impuesto de timbre aplicable.  <\/li>\n<li><span style=\"text-align: inherit;\"><span style=\"color: #ef7d00;\"><b>Representaci\u00f3n ante el Registro Civil polaco <\/b><\/span><span style=\"letter-spacing: 0px;\"> <\/span><\/span>&#8211; Ofrecemos representaci\u00f3n del cliente en las oficinas polacas para facilitar y agilizar el proceso de localizaci\u00f3n de la escritura.  <\/li>\n<li><span style=\"text-align: inherit;\"><span style=\"color: #ef7d00;\"><b>Preparaci\u00f3n y recogida del acta de estado civil polaca <\/b><\/span><span style=\"letter-spacing: 0px;\"> <\/span><\/span>&#8211; Una vez finalizado el proceso, nos encargamos de la recogida del acta de estado civil polaco reci\u00e9n redactada y se la entregamos al cliente.  <\/li>\n<li><span style=\"text-align: inherit;\"><span style=\"color: #ef7d00;\"><b>Expedici\u00f3n de copias abreviadas y completas de certificados <\/b><\/span><span style=\"letter-spacing: 0px;\"> <\/span><\/span>&#8211; A petici\u00f3n del cliente, tambi\u00e9n ofrecemos ayuda para solicitar copias abreviadas y completas de un certificado de estado civil polaco.  <\/li>\n<\/ul>\n<div><span style=\"text-align: inherit;\"><b>Nuestros servicios est\u00e1n dise\u00f1ados para que los tr\u00e1mites oficiales sean lo m\u00e1s f\u00e1ciles y r\u00e1pidos posible, garantizando al mismo tiempo el pleno cumplimiento de la legislaci\u00f3n polaca. Proporcionamos asesoramiento profesional en cada fase del proceso y transparencia en los costes.   <\/b><\/span><\/div>\n<div> <\/div>\n<p><strong><span style=\"text-decoration: underline;\"><a href=\"https:\/\/legalnodopolshi.com\/#contact\">Ponte en contacto con<\/a><\/span> <\/strong><span style=\"text-align: inherit;\"><b>para m\u00e1s informaci\u00f3n o para concertar una consulta <\/b><\/span> <\/p>\n\t\t\t\t\t<\/div>\n\t\t\t\t\t\t<\/div>\n\t\t\t\t<\/div>\n\t\t\t\t\t\t<\/div>\n\t\t\t\t\t<\/div>\n\t\t<\/div>\n\t\t\t\t\t\t\t\t<\/div>\n\t\t\t\t\t<\/div>\n\t\t<\/section>\n\t\t\t\t\t\t\t\t\t<\/div>\n\t\t\t<\/div>\n\t\t\t\t\t<\/div>\n\t\t","protected":false},"excerpt":{"rendered":"Localizaci\u00f3n del certificado de nacimiento\/matrimonio Comprar Servicio de localizaci\u00f3n de un registro de estado civil extranjero en Polonia Nuestra oferta...","protected":false},"author":1,"featured_media":0,"parent":0,"menu_order":0,"comment_status":"closed","ping_status":"closed","template":"","meta":[],"acf":[],"_links":{"self":[{"href":"https:\/\/legalnodopolshi.com\/es\/wp-json\/wp\/v2\/pages\/7660"}],"collection":[{"href":"https:\/\/legalnodopolshi.com\/es\/wp-json\/wp\/v2\/pages"}],"about":[{"href":"https:\/\/legalnodopolshi.com\/es\/wp-json\/wp\/v2\/types\/page"}],"author":[{"embeddable":true,"href":"https:\/\/legalnodopolshi.com\/es\/wp-json\/wp\/v2\/users\/1"}],"replies":[{"embeddable":true,"href":"https:\/\/legalnodopolshi.com\/es\/wp-json\/wp\/v2\/comments?post=7660"}],"version-history":[{"count":4,"href":"https:\/\/legalnodopolshi.com\/es\/wp-json\/wp\/v2\/pages\/7660\/revisions"}],"predecessor-version":[{"id":7771,"href":"https:\/\/legalnodopolshi.com\/es\/wp-json\/wp\/v2\/pages\/7660\/revisions\/7771"}],"wp:attachment":[{"href":"https:\/\/legalnodopolshi.com\/es\/wp-json\/wp\/v2\/media?parent=7660"}],"curies":[{"name":"wp","href":"https:\/\/api.w.org\/{rel}","templated":true}]}}