{"id":7659,"date":"2026-02-13T12:40:24","date_gmt":"2026-02-13T11:40:24","guid":{"rendered":"https:\/\/legalnodopolshi.com\/permiso-de-residencia-permanente-parte-ii-gestion-de-la-solicitud-1250-pln\/"},"modified":"2026-03-09T14:38:09","modified_gmt":"2026-03-09T13:38:09","slug":"permiso-de-residencia-permanente-parte-ii-gestion-de-la-solicitud-1250-pln","status":"publish","type":"page","link":"https:\/\/legalnodopolshi.com\/es\/permiso-de-residencia-permanente-parte-ii-gestion-de-la-solicitud-1250-pln\/","title":{"rendered":"PERMISO DE RESIDENCIA PERMANENTE &#8211; PARTE II &#8211; GESTI\u00d3N DE LA SOLICITUD <br> 1250 PLN"},"content":{"rendered":"\t\t<div data-elementor-type=\"wp-page\" data-elementor-id=\"7659\" class=\"elementor elementor-7659 elementor-6794\" data-elementor-post-type=\"page\">\n\t\t\t\t\t\t<div class=\"elementor-inner\">\n\t\t\t\t<div class=\"elementor-section-wrap\">\n\t\t\t\t\t\t\t\t\t<section class=\"elementor-section elementor-top-section elementor-element elementor-element-e79fa53 elementor-section-boxed elementor-section-height-default elementor-section-height-default\" data-id=\"e79fa53\" data-element_type=\"section\">\n\t\t\t\t\t\t<div class=\"elementor-container elementor-column-gap-default\">\n\t\t\t\t\t\t\t<div class=\"elementor-row\">\n\t\t\t\t\t<div class=\"elementor-column elementor-col-66 elementor-top-column elementor-element elementor-element-50831a4\" data-id=\"50831a4\" data-element_type=\"column\">\n\t\t\t<div class=\"elementor-column-wrap elementor-element-populated\">\n\t\t\t\t\t\t\t<div class=\"elementor-widget-wrap\">\n\t\t\t\t\t\t<div class=\"elementor-element elementor-element-53c8584 elementor-widget elementor-widget-heading\" data-id=\"53c8584\" data-element_type=\"widget\" data-widget_type=\"heading.default\">\n\t\t\t\t<div class=\"elementor-widget-container\">\n\t\t\t<h2 class=\"elementor-heading-title elementor-size-default\">Permiso de residencia permanente\/Residente de la UE<\/h2>\t\t<\/div>\n\t\t\t\t<\/div>\n\t\t\t\t\t\t<\/div>\n\t\t\t\t\t<\/div>\n\t\t<\/div>\n\t\t\t\t<div class=\"elementor-column elementor-col-33 elementor-top-column elementor-element elementor-element-63ab583\" data-id=\"63ab583\" data-element_type=\"column\">\n\t\t\t<div class=\"elementor-column-wrap elementor-element-populated\">\n\t\t\t\t\t\t\t<div class=\"elementor-widget-wrap\">\n\t\t\t\t\t\t<div class=\"elementor-element elementor-element-9d823f3 elementor-align-center elementor-widget elementor-widget-button\" data-id=\"9d823f3\" data-element_type=\"widget\" data-widget_type=\"button.default\">\n\t\t\t\t<div class=\"elementor-widget-container\">\n\t\t\t\t\t<div class=\"elementor-button-wrapper\">\n\t\t\t<a class=\"elementor-button elementor-button-link elementor-size-md\" href=\"https:\/\/legalnodopolshi.com\/?add-to-cart=6718&#038;quantity=1&#038;e-redirect=https:\/\/legalnodopolshi.com\/es\/zamowienie\/\">\n\t\t\t\t\t\t<span class=\"elementor-button-content-wrapper\">\n\t\t\t\t\t\t<span class=\"elementor-button-icon elementor-align-icon-right\">\n\t\t\t\t<i aria-hidden=\"true\" class=\"fas fa-shopping-cart\"><\/i>\t\t\t<\/span>\n\t\t\t\t\t\t<span class=\"elementor-button-text\">Comprar<\/span>\n\t\t<\/span>\n\t\t\t\t\t<\/a>\n\t\t<\/div>\n\t\t\t\t<\/div>\n\t\t\t\t<\/div>\n\t\t\t\t\t\t<\/div>\n\t\t\t\t\t<\/div>\n\t\t<\/div>\n\t\t\t\t\t\t\t\t<\/div>\n\t\t\t\t\t<\/div>\n\t\t<\/section>\n\t\t\t\t<section class=\"elementor-section elementor-top-section elementor-element elementor-element-7cc42b6 elementor-section-boxed elementor-section-height-default elementor-section-height-default\" data-id=\"7cc42b6\" data-element_type=\"section\">\n\t\t\t\t\t\t<div class=\"elementor-container elementor-column-gap-default\">\n\t\t\t\t\t\t\t<div class=\"elementor-row\">\n\t\t\t\t\t<div class=\"elementor-column elementor-col-100 elementor-top-column elementor-element elementor-element-a548808\" data-id=\"a548808\" data-element_type=\"column\">\n\t\t\t<div class=\"elementor-column-wrap elementor-element-populated\">\n\t\t\t\t\t\t\t<div class=\"elementor-widget-wrap\">\n\t\t\t\t\t\t<div class=\"elementor-element elementor-element-aab86c2 elementor-widget__width-initial elementor-widget elementor-widget-text-editor\" data-id=\"aab86c2\" data-element_type=\"widget\" data-widget_type=\"text-editor.default\">\n\t\t\t\t<div class=\"elementor-widget-container\">\n\t\t\t\t\t\t\t\t<div class=\"elementor-text-editor elementor-clearfix\">\n\t\t\t\t<p><span style=\"text-align: inherit;\"><b>Ofrecemos asistencia integral para obtener la residencia permanente a los ciudadanos extracomunitarios que deseen residir permanentemente en Polonia.&nbsp;<\/b><b style=\"letter-spacing: 0px;\">&nbsp;<\/b><\/span><\/p>\n<p><span style=\"text-align: inherit;\"><b>&nbsp;<\/b><\/span><\/p>\n<p><span style=\"text-align: inherit;\"><b>Nuestra oferta se dirige a personas que cumplen determinados criterios, como:&nbsp;<\/b><\/span><\/p>\n<p>&nbsp;<\/p>\n<ul>\n<li>Obtenci\u00f3n de la residencia permanente por ascendencia polaca;<\/li>\n<li>Obtenci\u00f3n de la residencia permanente por matrimonio con un ciudadano polaco;<\/li>\n<li>Obtenci\u00f3n de la residencia permanente sobre la base de la Tarjeta del Polo;<\/li>\n<li>Obtenci\u00f3n de la Tarjeta de Residente de Larga Duraci\u00f3n de la UE.<\/li>\n<\/ul>\n<p><span style=\"text-align: inherit;\"><b>Ofrecemos un asesoramiento integral en la tramitaci\u00f3n de procedimientos de suspensi\u00f3n, desde la consulta inicial para valorar el fundamento adecuado de la suspensi\u00f3n hasta la resoluci\u00f3n en primera instancia del \u00f3rgano competente de la Administraci\u00f3n P\u00fablica.<\/b><\/span><\/p>\n<p><b style=\"text-align: inherit; color: inherit; letter-spacing: 0px;\">&nbsp;<\/b><\/p>\n<p><span style=\"text-align: inherit;\"><span style=\"color: #ef7d00;\">*<\/span><\/span><span style=\"text-align: inherit;\"><span style=\"color: #ef7d00;\">Para que el cliente se sienta c\u00f3modo con el servicio, el proceso total de realizaci\u00f3n del tr\u00e1mite se ha dividido en dos etapas, con la posibilidad de pago en dos plazos.<\/span><\/span><\/p>\n<p>&nbsp;<\/p>\n<p><span style=\"font-weight: bold; color: #ef7d00;\">&nbsp;<\/span><b style=\"text-align: inherit; color: inherit; letter-spacing: 0px;\"><br><\/b><\/p>\n<p><span style=\"text-align: inherit;\"><b>Nuestros servicios incluyen:<\/b><\/span><\/p>\n<p>&nbsp;<\/p>\n<ul>\n<li style=\"text-align: justify;\"><span style=\"font-family: Aptos, Aptos_EmbeddedFont, Aptos_MSFontService, sans-serif;\"><span style=\"font-variant-ligatures: none; white-space-collapse: preserve;\">Ayudar a reunir los documentos necesarios y verificar su exactitud para aumentar las posibilidades de \u00e9xito de la solicitud.<\/span><\/span><\/li>\n<li><span style=\"font-size: 12pt; letter-spacing: 0px; -webkit-user-drag: none; -webkit-tap-highlight-color: transparent; user-select: text; text-align: justify; white-space-collapse: preserve; line-height: 18px; font-family: Aptos, Aptos_EmbeddedFont, Aptos_MSFontService, sans-serif;\" data-ccp-props=\"{\"201341983\":0,\"335551550\":6,\"335551620\":6,\"335559739\":0,\"335559740\":240}\"><span lang=\"PL-PL\" style=\"-webkit-user-drag: none; -webkit-tap-highlight-color: transparent; user-select: text; font-size: 12pt; line-height: 18px; font-variant-ligatures: none !important;\" xml:lang=\"PL-PL\" data-contrast=\"none\"><span style=\"-webkit-user-drag: none; -webkit-tap-highlight-color: transparent; user-select: text;\">Apoyo para cumplimentar correctamente la solicitud de residencia permanente o de estatuto de residente de larga duraci\u00f3n en la UE, que es crucial para el \u00e9xito de todo el proceso.  <\/span><\/span><\/span><\/li>\n<li><span style=\"-webkit-user-drag: none; -webkit-tap-highlight-color: transparent; user-select: text; text-align: justify; line-height: 18px;\" data-ccp-props=\"{\"201341983\":0,\"335551550\":6,\"335551620\":6,\"335559739\":0,\"335559740\":240}\"><span lang=\"PL-PL\" style=\"-webkit-user-drag: none; -webkit-tap-highlight-color: transparent; user-select: text; line-height: 18px;\" xml:lang=\"PL-PL\" data-contrast=\"none\"><span style=\"-webkit-user-drag: none; -webkit-tap-highlight-color: transparent; user-select: text;\"><span style=\"font-family: Aptos, Aptos_EmbeddedFont, Aptos_MSFontService, sans-serif;\"><span style=\"font-variant-ligatures: none; white-space-collapse: preserve;\">Ayuda para cumplimentar una solicitud de prestaci\u00f3n econ\u00f3mica para titulares de la Tarjeta del Polaco establecido en Polonia.<\/span><\/span><br><\/span><\/span><\/span><\/li>\n<li><span style=\"-webkit-user-drag: none; -webkit-tap-highlight-color: transparent; user-select: text; text-align: justify; line-height: 18px;\" data-ccp-props=\"{\"201341983\":0,\"335551550\":6,\"335551620\":6,\"335559739\":0,\"335559740\":240}\"><span lang=\"PL-PL\" style=\"-webkit-user-drag: none; -webkit-tap-highlight-color: transparent; user-select: text; line-height: 18px;\" xml:lang=\"PL-PL\" data-contrast=\"none\"><span style=\"-webkit-user-drag: none; -webkit-tap-highlight-color: transparent; user-select: text;\"><span style=\"font-family: Aptos, Aptos_EmbeddedFont, Aptos_MSFontService, sans-serif;\"><span style=\"font-variant-ligatures: none; white-space-collapse: preserve;\">Inscribir al cliente en la cola para presentar documentos en la oficina y asistirle en persona o a distancia el d\u00eda de la presentaci\u00f3n para que el proceso se desarrolle sin problemas ni tensiones indebidas.&nbsp;<\/span><br><\/span><\/span><\/span><\/span><\/li>\n<li><span style=\"-webkit-user-drag: none; -webkit-tap-highlight-color: transparent; user-select: text; text-align: justify; line-height: 18px;\" data-ccp-props=\"{\"201341983\":0,\"335551550\":6,\"335551620\":6,\"335559739\":0,\"335559740\":240}\"><span lang=\"PL-PL\" style=\"-webkit-user-drag: none; -webkit-tap-highlight-color: transparent; user-select: text; line-height: 18px;\" xml:lang=\"PL-PL\" data-contrast=\"none\"><span style=\"-webkit-user-drag: none; -webkit-tap-highlight-color: transparent; user-select: text;\"><span style=\"font-family: Aptos, Aptos_EmbeddedFont, Aptos_MSFontService, sans-serif;\"><span style=\"font-variant-ligatures: none; white-space-collapse: preserve;\">Representar al cliente en los despachos y recibir la correspondencia oficial, permitiendo una respuesta r\u00e1pida a cualquier consulta o preocupaci\u00f3n de los \u00f3rganos decisorios.&nbsp;<\/span><br><\/span><\/span><\/span><\/span><\/li>\n<li><span style=\"-webkit-user-drag: none; -webkit-tap-highlight-color: transparent; user-select: text; text-align: justify; line-height: 18px;\" data-ccp-props=\"{\"201341983\":0,\"335551550\":6,\"335551620\":6,\"335559739\":0,\"335559740\":240}\"><span lang=\"PL-PL\" style=\"-webkit-user-drag: none; -webkit-tap-highlight-color: transparent; user-select: text; line-height: 18px;\" xml:lang=\"PL-PL\" data-contrast=\"none\"><span style=\"-webkit-user-drag: none; -webkit-tap-highlight-color: transparent; user-select: text;\"><span style=\"font-family: Aptos, Aptos_EmbeddedFont, Aptos_MSFontService, sans-serif;\"><span style=\"font-variant-ligatures: none; white-space-collapse: preserve;\">Resolver los problemas y dudas que puedan surgir durante el procedimiento, incluida la cumplimentaci\u00f3n de los documentos que falten.&nbsp;<\/span><br><\/span><\/span><\/span><\/span><\/li>\n<li><span style=\"-webkit-user-drag: none; -webkit-tap-highlight-color: transparent; user-select: text; text-align: justify; line-height: 18px;\" data-ccp-props=\"{\"201341983\":0,\"335551550\":6,\"335551620\":6,\"335559739\":0,\"335559740\":240}\"><span lang=\"PL-PL\" style=\"-webkit-user-drag: none; -webkit-tap-highlight-color: transparent; user-select: text; line-height: 18px;\" xml:lang=\"PL-PL\" data-contrast=\"none\"><span style=\"-webkit-user-drag: none; -webkit-tap-highlight-color: transparent; user-select: text;\"><span style=\"font-family: Aptos, Aptos_EmbeddedFont, Aptos_MSFontService, sans-serif;\"><span style=\"font-variant-ligatures: none; white-space-collapse: preserve;\">Consulta con el cliente en cada fase del procedimiento para garantizar que el proceso es totalmente transparente y que el cliente comprende las medidas que se toman.&nbsp;<\/span><br><\/span><\/span><\/span><\/span><\/li>\n<\/ul>\n<p><i><\/i><\/p>\n<p><i><\/i><\/p>\n<p><i><\/i><\/p>\n<p><i><\/i><\/p>\n<p><i><\/i><\/p>\n<p><i><\/i><\/p>\n<p><i><\/i><\/p>\n<p><i><\/i><\/p>\n<p><i><\/i><\/p>\n<p><i><\/i><\/p>\n<p><i><\/i><\/p>\n<p><i><\/i><\/p>\n<p><i><\/i><\/p>\n<p><i><\/i><\/p><i>\n<div style=\"text-align: justify;\"><span style=\"text-align: inherit;\"><span style=\"color: red;\">La Fase II comienza tras la confirmaci\u00f3n de la presentaci\u00f3n de una solicitud completa y correcta de Residencia Permanente\/Permiso de Residencia de la UE.<\/span><\/span><span style=\"font-family: Aptos, Aptos_EmbeddedFont, Aptos_MSFontService, sans-serif;\"><span style=\"font-variant-ligatures: none; white-space-collapse: preserve;\"><br><\/span><\/span><\/div>\n<\/i><p><i><\/i><\/p>\n<p><i><\/i><\/p>\n<p><i><\/i><\/p>\n<p><i><\/i><\/p>\n<p><i><\/i><\/p>\n<p><i><\/i><\/p>\n<p><i><\/i><\/p>\n<p><i><\/i><\/p>\n<p><i><\/i><\/p>\n<p><i><\/i><\/p>\n<p><i><\/i><\/p>\n<p><i><\/i><\/p>\n<p><i><\/i><\/p>\n<p><i><\/i><\/p>\n<div style=\"text-align: justify;\"><span style=\"text-align: inherit;\"><span style=\"color: #ef7d00;\">&nbsp;<\/span><\/span><\/div>\n<div style=\"text-align: start;\"><span style=\"text-align: start;\"><font color=\"#ef7d00\"><b>Obtenci\u00f3n de la residencia permanente por ascendencia polaca<\/b><\/font><\/span><br><\/div>\n<p><span style=\"text-align: inherit;\">Prueba de ascendencia polaca: El solicitante debe demostrar el origen polaco de al menos uno de sus padres o abuelos, as\u00ed como su identidad cultural asociada. Esto puede realizarse mediante documentos como certificados de nacimiento, certificados de matrimonio, documentos hist\u00f3ricos de nacionalidad. &nbsp;<\/span><br><\/p>\n<p><br><\/p>\n<p>Conocimiento de la lengua polaca: El solicitante debe demostrar sus conocimientos de la lengua polaca, confirmados por un certificado apropiado o por el c\u00f3nsul en una entrevista.&nbsp;<\/p>\n<p><br><\/p>\n<p>Situaci\u00f3n econ\u00f3mica estable: El solicitante de la residencia permanente debe demostrar que dispone de medios de subsistencia suficientes para s\u00ed mismo y para su familia, en su caso.&nbsp;<\/p>\n<p><br><\/p>\n<div><span style=\"text-align: inherit;\"><font color=\"#ef7d00\"><b>Obtenci\u00f3n de la residencia permanente por matrimonio con un ciudadano polaco<\/b><\/font><\/span><br><\/div>\n<p style=\"\"><span style=\"text-align: inherit;\">Duraci\u00f3n del matrimonio: Para solicitar la residencia permanente, el matrimonio con un ciudadano polaco debe haber durado ininterrumpidamente al menos 3 a\u00f1os antes de la solicitud.&nbsp;<\/span><\/p>\n<p style=\"\"><br><\/p>\n<p style=\"\"><span style=\"text-align: inherit;\">Residencia en Polonia: El solicitante debe haber residido en Polonia con un permiso de residencia temporal v\u00e1lido durante al menos 2 a\u00f1os antes de solicitar la residencia permanente.&nbsp;<\/span><\/p>\n<p style=\"\"><span style=\"text-align: inherit;\"><br><\/span><\/p>\n<div><span style=\"text-align: inherit;\"><font color=\"#ef7d00\"><b>Obtenci\u00f3n de la residencia permanente sobre la base de la Tarjeta del Polo<\/b><\/font><\/span><br><\/div>\n<p style=\"\"><span style=\"text-align: inherit;\"><b>Posesi\u00f3n de la Tarjeta del Polaco:<\/b> El solicitante debe ser titular de una Tarjeta de Polaco v\u00e1lida, que acredite su vinculaci\u00f3n con la polonidad.&nbsp;<\/span><\/p>\n<p style=\"\"><br><\/p>\n<p style=\"\"><b>Declaraci\u00f3n de asentamiento en Polonia:<\/b> La persona que solicite la residencia permanente sobre la base de la Tarjeta del Polaco debe presentar una declaraci\u00f3n de intenci\u00f3n de establecerse en Polonia y realizar actividades en beneficio de la cultura polaca y de la comunidad polaca.&nbsp;<\/p>\n<p style=\"\">&nbsp;<\/p>\n<div><span style=\"text-align: inherit;\"><font color=\"#ef7d00\"><b>Permiso de residencia para un residente de larga duraci\u00f3n en la UE&nbsp;<\/b><\/font><\/span><br><\/div>\n<p style=\"\"><b>Residencia ininterrumpida en Polonia:<\/b> Para solicitar un permiso, es necesario haber residido en Polonia durante un periodo ininterrumpido de al menos 5 a\u00f1os inmediatamente anteriores a la solicitud.&nbsp;<\/p>\n<p style=\"\"><br><\/p>\n<p style=\"\"><b>Conocimiento de la lengua polaca:<\/b> Para presentar la solicitud se requiere una confirmaci\u00f3n del conocimiento de la lengua polaca a nivel B1. Puede ser un certificado expedido por instituciones autorizadas. &nbsp;<\/p>\n<p style=\"\"><br><\/p>\n<p style=\"\"><span style=\"text-align: inherit;\">El permiso de residencia para residente de larga duraci\u00f3n en la UE es, junto con los permisos de residencia temporal y permanente, una de las principales formas de legalizar la residencia en Polonia. Se concede (de forma similar al permiso de residencia permanente) sin una fecha de caducidad concreta, lo que significa que da la posibilidad de permanecer y trabajar en Polonia (sin necesidad de obtener un permiso adicional) durante un periodo de tiempo ilimitado. <\/span><\/p>\n<div><\/div>\n<p>&nbsp;<\/p>\n<p><strong>\u00bfTienes alguna pregunta? <a href=\"https:\/\/legalnodopolshi.com\/#contact\"><u>Ponte en contacto<\/u><\/a> &#8211; nos pondremos en contacto contigo lo antes posible.<\/strong><\/p>\n<p><br><\/p>\t\t\t\t\t<\/div>\n\t\t\t\t\t\t<\/div>\n\t\t\t\t<\/div>\n\t\t\t\t\t\t<\/div>\n\t\t\t\t\t<\/div>\n\t\t<\/div>\n\t\t\t\t\t\t\t\t<\/div>\n\t\t\t\t\t<\/div>\n\t\t<\/section>\n\t\t\t\t\t\t\t\t\t<\/div>\n\t\t\t<\/div>\n\t\t\t\t\t<\/div>\n\t\t","protected":false},"excerpt":{"rendered":"Permiso de residencia permanente\/Residente de la UE Comprar Ofrecemos asistencia integral para obtener la residencia permanente a los ciudadanos extracomunitarios...","protected":false},"author":1,"featured_media":0,"parent":0,"menu_order":0,"comment_status":"closed","ping_status":"closed","template":"","meta":[],"acf":[],"_links":{"self":[{"href":"https:\/\/legalnodopolshi.com\/es\/wp-json\/wp\/v2\/pages\/7659"}],"collection":[{"href":"https:\/\/legalnodopolshi.com\/es\/wp-json\/wp\/v2\/pages"}],"about":[{"href":"https:\/\/legalnodopolshi.com\/es\/wp-json\/wp\/v2\/types\/page"}],"author":[{"embeddable":true,"href":"https:\/\/legalnodopolshi.com\/es\/wp-json\/wp\/v2\/users\/1"}],"replies":[{"embeddable":true,"href":"https:\/\/legalnodopolshi.com\/es\/wp-json\/wp\/v2\/comments?post=7659"}],"version-history":[{"count":4,"href":"https:\/\/legalnodopolshi.com\/es\/wp-json\/wp\/v2\/pages\/7659\/revisions"}],"predecessor-version":[{"id":7792,"href":"https:\/\/legalnodopolshi.com\/es\/wp-json\/wp\/v2\/pages\/7659\/revisions\/7792"}],"wp:attachment":[{"href":"https:\/\/legalnodopolshi.com\/es\/wp-json\/wp\/v2\/media?parent=7659"}],"curies":[{"name":"wp","href":"https:\/\/api.w.org\/{rel}","templated":true}]}}