{"id":7658,"date":"2026-02-13T12:40:24","date_gmt":"2026-02-13T11:40:24","guid":{"rendered":"https:\/\/legalnodopolshi.com\/modificacion-de-la-decision-sobre-el-permiso-unico-de-estancia-temporal-y-trabajo-1200-pln\/"},"modified":"2026-03-09T14:37:57","modified_gmt":"2026-03-09T13:37:57","slug":"modificacion-de-la-decision-sobre-el-permiso-unico-de-estancia-temporal-y-trabajo-1200-pln","status":"publish","type":"page","link":"https:\/\/legalnodopolshi.com\/es\/modificacion-de-la-decision-sobre-el-permiso-unico-de-estancia-temporal-y-trabajo-1200-pln\/","title":{"rendered":"MODIFICACI\u00d3N DE LA DECISI\u00d3N SOBRE EL PERMISO \u00daNICO DE ESTANCIA TEMPORAL Y TRABAJO <br> 1200 PLN"},"content":{"rendered":"\t\t<div data-elementor-type=\"wp-page\" data-elementor-id=\"7658\" class=\"elementor elementor-7658 elementor-3818\" data-elementor-post-type=\"page\">\n\t\t\t\t\t\t<div class=\"elementor-inner\">\n\t\t\t\t<div class=\"elementor-section-wrap\">\n\t\t\t\t\t\t\t\t\t<section class=\"elementor-section elementor-top-section elementor-element elementor-element-e79fa53 elementor-section-boxed elementor-section-height-default elementor-section-height-default\" data-id=\"e79fa53\" data-element_type=\"section\">\n\t\t\t\t\t\t<div class=\"elementor-container elementor-column-gap-default\">\n\t\t\t\t\t\t\t<div class=\"elementor-row\">\n\t\t\t\t\t<div class=\"elementor-column elementor-col-66 elementor-top-column elementor-element elementor-element-50831a4\" data-id=\"50831a4\" data-element_type=\"column\">\n\t\t\t<div class=\"elementor-column-wrap elementor-element-populated\">\n\t\t\t\t\t\t\t<div class=\"elementor-widget-wrap\">\n\t\t\t\t\t\t<div class=\"elementor-element elementor-element-53c8584 elementor-widget elementor-widget-heading\" data-id=\"53c8584\" data-element_type=\"widget\" data-widget_type=\"heading.default\">\n\t\t\t\t<div class=\"elementor-widget-container\">\n\t\t\t<h2 class=\"elementor-heading-title elementor-size-default\">Modificaci\u00f3n de la decisi\u00f3n sobre el permiso temporal \u00fanico de residencia y trabajo  <\/h2>\t\t<\/div>\n\t\t\t\t<\/div>\n\t\t\t\t\t\t<\/div>\n\t\t\t\t\t<\/div>\n\t\t<\/div>\n\t\t\t\t<div class=\"elementor-column elementor-col-33 elementor-top-column elementor-element elementor-element-63ab583\" data-id=\"63ab583\" data-element_type=\"column\">\n\t\t\t<div class=\"elementor-column-wrap elementor-element-populated\">\n\t\t\t\t\t\t\t<div class=\"elementor-widget-wrap\">\n\t\t\t\t\t\t<div class=\"elementor-element elementor-element-9d823f3 elementor-align-center elementor-widget elementor-widget-button\" data-id=\"9d823f3\" data-element_type=\"widget\" data-widget_type=\"button.default\">\n\t\t\t\t<div class=\"elementor-widget-container\">\n\t\t\t\t\t<div class=\"elementor-button-wrapper\">\n\t\t\t<a class=\"elementor-button elementor-button-link elementor-size-md\" href=\"https:\/\/legalnodopolshi.com\/?add-to-cart=26&#038;quantity=1&#038;e-redirect=https:\/\/legalnodopolshi.com\/es\/zamowienie\/\">\n\t\t\t\t\t\t<span class=\"elementor-button-content-wrapper\">\n\t\t\t\t\t\t<span class=\"elementor-button-icon elementor-align-icon-right\">\n\t\t\t\t<i aria-hidden=\"true\" class=\"fas fa-shopping-cart\"><\/i>\t\t\t<\/span>\n\t\t\t\t\t\t<span class=\"elementor-button-text\">Comprar<\/span>\n\t\t<\/span>\n\t\t\t\t\t<\/a>\n\t\t<\/div>\n\t\t\t\t<\/div>\n\t\t\t\t<\/div>\n\t\t\t\t\t\t<\/div>\n\t\t\t\t\t<\/div>\n\t\t<\/div>\n\t\t\t\t\t\t\t\t<\/div>\n\t\t\t\t\t<\/div>\n\t\t<\/section>\n\t\t\t\t<section class=\"elementor-section elementor-top-section elementor-element elementor-element-7cc42b6 elementor-section-boxed elementor-section-height-default elementor-section-height-default\" data-id=\"7cc42b6\" data-element_type=\"section\">\n\t\t\t\t\t\t<div class=\"elementor-container elementor-column-gap-default\">\n\t\t\t\t\t\t\t<div class=\"elementor-row\">\n\t\t\t\t\t<div class=\"elementor-column elementor-col-100 elementor-top-column elementor-element elementor-element-a548808\" data-id=\"a548808\" data-element_type=\"column\">\n\t\t\t<div class=\"elementor-column-wrap elementor-element-populated\">\n\t\t\t\t\t\t\t<div class=\"elementor-widget-wrap\">\n\t\t\t\t\t\t<div class=\"elementor-element elementor-element-aab86c2 elementor-widget__width-initial elementor-widget elementor-widget-text-editor\" data-id=\"aab86c2\" data-element_type=\"widget\" data-widget_type=\"text-editor.default\">\n\t\t\t\t<div class=\"elementor-widget-container\">\n\t\t\t\t\t\t\t\t<div class=\"elementor-text-editor elementor-clearfix\">\n\t\t\t\t<p><strong>\u00bfTrabajas en Polonia y tienes intenci\u00f3n de cambiar de empresa?  <\/strong><\/p>\n<p><b>Averigua qu\u00e9 tienes que hacer para poder trabajar y permanecer en Polonia legalmente.<\/b><\/p>\n<p>Un extranjero al que se le haya concedido un permiso temporal de residencia y trabajo s\u00f3lo puede realizar un trabajo en los t\u00e9rminos de esta decisi\u00f3n. Sin embargo, como demuestra la pr\u00e1ctica, pueden cambiar muchas cosas en cuanto a las condiciones de trabajo en un periodo de tres a\u00f1os. Desde las condiciones de trabajo y remuneraci\u00f3n hasta incluso un cambio de empleador, casi todos los cambios requieren una solicitud de modificaci\u00f3n de la decisi\u00f3n, siendo la excepci\u00f3n, por ejemplo, un cambio en la remuneraci\u00f3n o en la base de la prestaci\u00f3n de trabajo, cuando un contrato de derecho civil se convierte en un contrato de trabajo.  <\/p>\n<p><strong><br>\u00bfQu\u00e9 hacemos?<\/strong><\/p>\n<p>Apoyamos a ciudadanos de distintas nacionalidades durante el proceso de modificaci\u00f3n de la resoluci\u00f3n. Nuestros expertos se encargan de todo el procedimiento en nombre del extranjero. En particular:  &nbsp;<\/p>\n<ul>\n<li><strong>cumplimentar correctamente la solicitud de modificaci\u00f3n del permiso temporal de residencia y trabajo<\/strong><\/li>\n<li><strong>elaborar una lista de los documentos necesarios para modificar el permiso<\/strong><\/li>\n<li><strong>cumplimentaci\u00f3n de los anexos requeridos y apoyo a la cumplimentaci\u00f3n puntual de las deficiencias formales o materiales<\/strong><\/li>\n<li><strong>consulta con el extranjero en todas las fases del procedimiento.<\/strong><\/li>\n<\/ul>\n<p style=\"color: red;\"><em><u>S\u00f3lo el permiso temporal de residencia y trabajo est\u00e1 sujeto a la modificaci\u00f3n de la decisi\u00f3n; para otros tipos de permisos, hay que volver a presentar la solicitud.<\/u><\/em><\/p>\n<p><strong>\u00bfD\u00d3NDE Y CU\u00c1NDO SOLICITARLO?<\/strong><\/p>\n<p>La solicitud debe presentarse al gobernador con jurisdicci\u00f3n sobre tu lugar de residencia. La presentaci\u00f3n de la solicitud no requiere que comparezcas de nuevo en persona para dar tus huellas dactilares. La solicitud debe presentarse en el plazo de <strong>15 d\u00edas<\/strong> a partir de la fecha en que se produzcan los motivos de modificaci\u00f3n de la decisi\u00f3n de residencia.  <\/p>\n<p><b>\u00bfTienes alguna pregunta? <u><a href=\"https:\/\/legalnodopolshi.com\/#contact\" style=\"\">Ponte en contacto<\/a> <\/u><\/b><strong>&#8211; nos pondremos en contacto contigo lo antes posible. <\/strong> <\/p>\t\t\t\t\t<\/div>\n\t\t\t\t\t\t<\/div>\n\t\t\t\t<\/div>\n\t\t\t\t\t\t<\/div>\n\t\t\t\t\t<\/div>\n\t\t<\/div>\n\t\t\t\t\t\t\t\t<\/div>\n\t\t\t\t\t<\/div>\n\t\t<\/section>\n\t\t\t\t\t\t\t\t\t<\/div>\n\t\t\t<\/div>\n\t\t\t\t\t<\/div>\n\t\t","protected":false},"excerpt":{"rendered":"Modificaci\u00f3n de la decisi\u00f3n sobre el permiso temporal \u00fanico de residencia y trabajo Comprar \u00bfTrabajas en Polonia y tienes intenci\u00f3n...","protected":false},"author":1,"featured_media":0,"parent":0,"menu_order":0,"comment_status":"closed","ping_status":"closed","template":"","meta":[],"acf":[],"_links":{"self":[{"href":"https:\/\/legalnodopolshi.com\/es\/wp-json\/wp\/v2\/pages\/7658"}],"collection":[{"href":"https:\/\/legalnodopolshi.com\/es\/wp-json\/wp\/v2\/pages"}],"about":[{"href":"https:\/\/legalnodopolshi.com\/es\/wp-json\/wp\/v2\/types\/page"}],"author":[{"embeddable":true,"href":"https:\/\/legalnodopolshi.com\/es\/wp-json\/wp\/v2\/users\/1"}],"replies":[{"embeddable":true,"href":"https:\/\/legalnodopolshi.com\/es\/wp-json\/wp\/v2\/comments?post=7658"}],"version-history":[{"count":4,"href":"https:\/\/legalnodopolshi.com\/es\/wp-json\/wp\/v2\/pages\/7658\/revisions"}],"predecessor-version":[{"id":7786,"href":"https:\/\/legalnodopolshi.com\/es\/wp-json\/wp\/v2\/pages\/7658\/revisions\/7786"}],"wp:attachment":[{"href":"https:\/\/legalnodopolshi.com\/es\/wp-json\/wp\/v2\/media?parent=7658"}],"curies":[{"name":"wp","href":"https:\/\/api.w.org\/{rel}","templated":true}]}}