{"id":7656,"date":"2026-02-13T12:38:24","date_gmt":"2026-02-13T11:38:24","guid":{"rendered":"https:\/\/legalnodopolshi.com\/reconocimiento-como-ciudadano-polaco-1800-pln\/"},"modified":"2026-03-09T14:38:22","modified_gmt":"2026-03-09T13:38:22","slug":"reconocimiento-como-ciudadano-polaco-1800-pln","status":"publish","type":"page","link":"https:\/\/legalnodopolshi.com\/es\/reconocimiento-como-ciudadano-polaco-1800-pln\/","title":{"rendered":"RECONOCIMIENTO COMO CIUDADANO POLACO <br> 1800 PLN"},"content":{"rendered":"\t\t<div data-elementor-type=\"wp-page\" data-elementor-id=\"7656\" class=\"elementor elementor-7656 elementor-6829\" data-elementor-post-type=\"page\">\n\t\t\t\t\t\t<div class=\"elementor-inner\">\n\t\t\t\t<div class=\"elementor-section-wrap\">\n\t\t\t\t\t\t\t\t\t<section class=\"elementor-section elementor-top-section elementor-element elementor-element-e79fa53 elementor-section-boxed elementor-section-height-default elementor-section-height-default\" data-id=\"e79fa53\" data-element_type=\"section\">\n\t\t\t\t\t\t<div class=\"elementor-container elementor-column-gap-default\">\n\t\t\t\t\t\t\t<div class=\"elementor-row\">\n\t\t\t\t\t<div class=\"elementor-column elementor-col-66 elementor-top-column elementor-element elementor-element-50831a4\" data-id=\"50831a4\" data-element_type=\"column\">\n\t\t\t<div class=\"elementor-column-wrap elementor-element-populated\">\n\t\t\t\t\t\t\t<div class=\"elementor-widget-wrap\">\n\t\t\t\t\t\t<div class=\"elementor-element elementor-element-53c8584 elementor-widget elementor-widget-heading\" data-id=\"53c8584\" data-element_type=\"widget\" data-widget_type=\"heading.default\">\n\t\t\t\t<div class=\"elementor-widget-container\">\n\t\t\t<h2 class=\"elementor-heading-title elementor-size-default\">Reconocimiento como ciudadano polaco<\/h2>\t\t<\/div>\n\t\t\t\t<\/div>\n\t\t\t\t\t\t<\/div>\n\t\t\t\t\t<\/div>\n\t\t<\/div>\n\t\t\t\t<div class=\"elementor-column elementor-col-33 elementor-top-column elementor-element elementor-element-63ab583\" data-id=\"63ab583\" data-element_type=\"column\">\n\t\t\t<div class=\"elementor-column-wrap elementor-element-populated\">\n\t\t\t\t\t\t\t<div class=\"elementor-widget-wrap\">\n\t\t\t\t\t\t<div class=\"elementor-element elementor-element-9d823f3 elementor-align-center elementor-widget elementor-widget-button\" data-id=\"9d823f3\" data-element_type=\"widget\" data-widget_type=\"button.default\">\n\t\t\t\t<div class=\"elementor-widget-container\">\n\t\t\t\t\t<div class=\"elementor-button-wrapper\">\n\t\t\t<a class=\"elementor-button elementor-button-link elementor-size-md\" href=\"https:\/\/legalnodopolshi.com\/?add-to-cart=6819&#038;quantity=1&#038;e-redirect=https:\/\/legalnodopolshi.com\/es\/zamowienie\/\">\n\t\t\t\t\t\t<span class=\"elementor-button-content-wrapper\">\n\t\t\t\t\t\t<span class=\"elementor-button-icon elementor-align-icon-right\">\n\t\t\t\t<i aria-hidden=\"true\" class=\"fas fa-shopping-cart\"><\/i>\t\t\t<\/span>\n\t\t\t\t\t\t<span class=\"elementor-button-text\">Comprar<\/span>\n\t\t<\/span>\n\t\t\t\t\t<\/a>\n\t\t<\/div>\n\t\t\t\t<\/div>\n\t\t\t\t<\/div>\n\t\t\t\t\t\t<\/div>\n\t\t\t\t\t<\/div>\n\t\t<\/div>\n\t\t\t\t\t\t\t\t<\/div>\n\t\t\t\t\t<\/div>\n\t\t<\/section>\n\t\t\t\t<section class=\"elementor-section elementor-top-section elementor-element elementor-element-7cc42b6 elementor-section-boxed elementor-section-height-default elementor-section-height-default\" data-id=\"7cc42b6\" data-element_type=\"section\">\n\t\t\t\t\t\t<div class=\"elementor-container elementor-column-gap-default\">\n\t\t\t\t\t\t\t<div class=\"elementor-row\">\n\t\t\t\t\t<div class=\"elementor-column elementor-col-100 elementor-top-column elementor-element elementor-element-a548808\" data-id=\"a548808\" data-element_type=\"column\">\n\t\t\t<div class=\"elementor-column-wrap elementor-element-populated\">\n\t\t\t\t\t\t\t<div class=\"elementor-widget-wrap\">\n\t\t\t\t\t\t<div class=\"elementor-element elementor-element-aab86c2 elementor-widget__width-initial elementor-widget elementor-widget-text-editor\" data-id=\"aab86c2\" data-element_type=\"widget\" data-widget_type=\"text-editor.default\">\n\t\t\t\t<div class=\"elementor-widget-container\">\n\t\t\t\t\t\t\t\t<div class=\"elementor-text-editor elementor-clearfix\">\n\t\t\t\t<p><b style=\"text-align: inherit; color: inherit; letter-spacing: 0px;\">\u00bfQui\u00e9n puede beneficiarse de nuestro servicio?  <\/b><\/p>\n<p><b style=\"text-align: inherit; color: inherit; letter-spacing: 0px;\"> <\/b><\/p>\n<p>Nuestra oferta se dirige a las personas que residan en Polonia de forma continuada durante m\u00e1s de 1 a\u00f1o en virtud de un permiso de residencia permanente expedido en relaci\u00f3n con el carn\u00e9 de polaco o durante 3 a\u00f1os en virtud de un permiso de residencia permanente o del estatuto de residente de larga duraci\u00f3n de la Uni\u00f3n Europea. Tambi\u00e9n es necesario tener un certificado de lengua polaca de nivel B1.   <b style=\"text-align: inherit; color: inherit; letter-spacing: 0px;\"><br \/><\/b><\/p>\n<p><span style=\"font-weight: bold;\">\u00bfQu\u00e9 ofrecemos?<\/span><\/p>\n<ul>\n<li><span style=\"color: #ef7d00;\"><b>Preparaci\u00f3n y presentaci\u00f3n de la solicitud:<\/b><\/span> Nos encargaremos de la preparaci\u00f3n de una solicitud completa para el reconocimiento como ciudadano polaco, incluyendo todos los anexos necesarios. La solicitud se presentar\u00e1 al gobernador competente para el lugar de residencia; <\/li>\n<li><span style=\"color: #ef7d00;\"><b>Tramitaci\u00f3n de la correspondencia:<\/b><\/span> Recibiremos toda la correspondencia relacionada con la solicitud, responderemos a las cartas y trataremos cualquier asunto que pueda surgir en el curso de los procedimientos en curso;<\/li>\n<li><span style=\"color: #ef7d00;\"><b>Apoyo y consulta:<\/b><\/span> Proporcionamos apoyo completo en todas las fases del procedimiento, incluida la cumplimentaci\u00f3n de los documentos que falten y la consulta sobre los siguientes pasos del proceso de nacionalidad.<\/li>\n<\/ul>\n<div> <\/div>\n<div>Nuestro equipo de expertos con muchos a\u00f1os de experiencia garantiza la profesionalidad y un enfoque individualizado para cada cliente. Con nuestra ayuda, el proceso de obtenci\u00f3n de la nacionalidad polaca ser\u00e1 m\u00e1s sencillo y menos estresante.   <\/div>\n<div> <\/div>\n<p><a href=\"https:\/\/legalnodopolshi.com\/#contact\"><span style=\"color: #e66317;\"><b><u>Ponte en contacto con<\/u><\/b><\/span><\/a><b> para obtener m\u00e1s informaci\u00f3n sobre nuestra oferta e iniciar el proceso de obtenci\u00f3n de la nacionalidad polaca.<\/b><\/p>\n\t\t\t\t\t<\/div>\n\t\t\t\t\t\t<\/div>\n\t\t\t\t<\/div>\n\t\t\t\t\t\t<\/div>\n\t\t\t\t\t<\/div>\n\t\t<\/div>\n\t\t\t\t\t\t\t\t<\/div>\n\t\t\t\t\t<\/div>\n\t\t<\/section>\n\t\t\t\t\t\t\t\t\t<\/div>\n\t\t\t<\/div>\n\t\t\t\t\t<\/div>\n\t\t","protected":false},"excerpt":{"rendered":"Reconocimiento como ciudadano polaco Comprar \u00bfQui\u00e9n puede beneficiarse de nuestro servicio? Nuestra oferta se dirige a las personas que residan...","protected":false},"author":1,"featured_media":0,"parent":0,"menu_order":0,"comment_status":"closed","ping_status":"closed","template":"","meta":[],"acf":[],"_links":{"self":[{"href":"https:\/\/legalnodopolshi.com\/es\/wp-json\/wp\/v2\/pages\/7656"}],"collection":[{"href":"https:\/\/legalnodopolshi.com\/es\/wp-json\/wp\/v2\/pages"}],"about":[{"href":"https:\/\/legalnodopolshi.com\/es\/wp-json\/wp\/v2\/types\/page"}],"author":[{"embeddable":true,"href":"https:\/\/legalnodopolshi.com\/es\/wp-json\/wp\/v2\/users\/1"}],"replies":[{"embeddable":true,"href":"https:\/\/legalnodopolshi.com\/es\/wp-json\/wp\/v2\/comments?post=7656"}],"version-history":[{"count":4,"href":"https:\/\/legalnodopolshi.com\/es\/wp-json\/wp\/v2\/pages\/7656\/revisions"}],"predecessor-version":[{"id":7798,"href":"https:\/\/legalnodopolshi.com\/es\/wp-json\/wp\/v2\/pages\/7656\/revisions\/7798"}],"wp:attachment":[{"href":"https:\/\/legalnodopolshi.com\/es\/wp-json\/wp\/v2\/media?parent=7656"}],"curies":[{"name":"wp","href":"https:\/\/api.w.org\/{rel}","templated":true}]}}