{"id":7651,"date":"2026-02-13T12:04:28","date_gmt":"2026-02-13T11:04:28","guid":{"rendered":"https:\/\/legalnodopolshi.com\/recurso-contra-una-decision-negativa-ante-un-organo-de-segunda-instancia-1500-pln\/"},"modified":"2026-03-09T14:38:15","modified_gmt":"2026-03-09T13:38:15","slug":"recurso-contra-una-decision-negativa-ante-un-organo-de-segunda-instancia-1500-pln","status":"publish","type":"page","link":"https:\/\/legalnodopolshi.com\/es\/recurso-contra-una-decision-negativa-ante-un-organo-de-segunda-instancia-1500-pln\/","title":{"rendered":"RECURSO CONTRA UNA DECISI\u00d3N NEGATIVA ANTE UN \u00d3RGANO DE SEGUNDA INSTANCIA <br> 1500 PLN"},"content":{"rendered":"\t\t<div data-elementor-type=\"wp-page\" data-elementor-id=\"7651\" class=\"elementor elementor-7651 elementor-6864\" data-elementor-post-type=\"page\">\n\t\t\t\t\t\t<div class=\"elementor-inner\">\n\t\t\t\t<div class=\"elementor-section-wrap\">\n\t\t\t\t\t\t\t\t\t<section class=\"elementor-section elementor-top-section elementor-element elementor-element-e79fa53 elementor-section-boxed elementor-section-height-default elementor-section-height-default\" data-id=\"e79fa53\" data-element_type=\"section\">\n\t\t\t\t\t\t<div class=\"elementor-container elementor-column-gap-default\">\n\t\t\t\t\t\t\t<div class=\"elementor-row\">\n\t\t\t\t\t<div class=\"elementor-column elementor-col-66 elementor-top-column elementor-element elementor-element-50831a4\" data-id=\"50831a4\" data-element_type=\"column\">\n\t\t\t<div class=\"elementor-column-wrap elementor-element-populated\">\n\t\t\t\t\t\t\t<div class=\"elementor-widget-wrap\">\n\t\t\t\t\t\t<div class=\"elementor-element elementor-element-53c8584 elementor-widget elementor-widget-heading\" data-id=\"53c8584\" data-element_type=\"widget\" data-widget_type=\"heading.default\">\n\t\t\t\t<div class=\"elementor-widget-container\">\n\t\t\t<h2 class=\"elementor-heading-title elementor-size-default\">Recurso contra una decisi\u00f3n negativa ante un \u00f3rgano de segunda instancia  <\/h2>\t\t<\/div>\n\t\t\t\t<\/div>\n\t\t\t\t\t\t<\/div>\n\t\t\t\t\t<\/div>\n\t\t<\/div>\n\t\t\t\t<div class=\"elementor-column elementor-col-33 elementor-top-column elementor-element elementor-element-63ab583\" data-id=\"63ab583\" data-element_type=\"column\">\n\t\t\t<div class=\"elementor-column-wrap elementor-element-populated\">\n\t\t\t\t\t\t\t<div class=\"elementor-widget-wrap\">\n\t\t\t\t\t\t<div class=\"elementor-element elementor-element-9d823f3 elementor-align-center elementor-widget elementor-widget-button\" data-id=\"9d823f3\" data-element_type=\"widget\" data-widget_type=\"button.default\">\n\t\t\t\t<div class=\"elementor-widget-container\">\n\t\t\t\t\t<div class=\"elementor-button-wrapper\">\n\t\t\t<a class=\"elementor-button elementor-button-link elementor-size-md\" href=\"https:\/\/legalnodopolshi.com\/?add-to-cart=6854&#038;quantity=1&#038;e-redirect=https:\/\/legalnodopolshi.com\/es\/zamowienie\/\">\n\t\t\t\t\t\t<span class=\"elementor-button-content-wrapper\">\n\t\t\t\t\t\t<span class=\"elementor-button-icon elementor-align-icon-right\">\n\t\t\t\t<i aria-hidden=\"true\" class=\"fas fa-shopping-cart\"><\/i>\t\t\t<\/span>\n\t\t\t\t\t\t<span class=\"elementor-button-text\">Comprar<\/span>\n\t\t<\/span>\n\t\t\t\t\t<\/a>\n\t\t<\/div>\n\t\t\t\t<\/div>\n\t\t\t\t<\/div>\n\t\t\t\t\t\t<\/div>\n\t\t\t\t\t<\/div>\n\t\t<\/div>\n\t\t\t\t\t\t\t\t<\/div>\n\t\t\t\t\t<\/div>\n\t\t<\/section>\n\t\t\t\t<section class=\"elementor-section elementor-top-section elementor-element elementor-element-7cc42b6 elementor-section-boxed elementor-section-height-default elementor-section-height-default\" data-id=\"7cc42b6\" data-element_type=\"section\">\n\t\t\t\t\t\t<div class=\"elementor-container elementor-column-gap-default\">\n\t\t\t\t\t\t\t<div class=\"elementor-row\">\n\t\t\t\t\t<div class=\"elementor-column elementor-col-100 elementor-top-column elementor-element elementor-element-a548808\" data-id=\"a548808\" data-element_type=\"column\">\n\t\t\t<div class=\"elementor-column-wrap elementor-element-populated\">\n\t\t\t\t\t\t\t<div class=\"elementor-widget-wrap\">\n\t\t\t\t\t\t<div class=\"elementor-element elementor-element-aab86c2 elementor-widget__width-initial elementor-widget elementor-widget-text-editor\" data-id=\"aab86c2\" data-element_type=\"widget\" data-widget_type=\"text-editor.default\">\n\t\t\t\t<div class=\"elementor-widget-container\">\n\t\t\t\t\t\t\t\t<div class=\"elementor-text-editor elementor-clearfix\">\n\t\t\t\t<p><span style=\"color: inherit; letter-spacing: 0px; text-align: inherit;\">Ofrecemos un servicio integral para recurrir una decisi\u00f3n negativa en asuntos administrativos ante un \u00f3rgano <span style=\"color: #ff0000;\"><b>de segunda instancia<\/b>.<\/span> Est\u00e1 dirigido a personas que han recibido una decisi\u00f3n negativa en su caso y buscan un apoyo eficaz para preparar y llevar a cabo el proceso de recurso<\/span><\/p>\n<p><span style=\"text-align: inherit;\"><b>Nuestra oferta incluye:  <\/b><\/span><\/p>\n<ul>\n<li><span style=\"color: #ef7d00;\"><b>An\u00e1lisis preliminar de la decisi\u00f3n de denegaci\u00f3n<\/b><\/span><b style=\"color: #ef7d00;\">:<\/b> El primer paso es un an\u00e1lisis detallado de la decisi\u00f3n recibida para comprender los motivos de la denegaci\u00f3n e identificar otras opciones de actuaci\u00f3n;<\/li>\n<li><span style=\"color: #ef7d00;\"><b>Desarrollo de una estrategia de recurso<\/b><\/span><b style=\"color: #ef7d00;\">En<\/b> base al an\u00e1lisis, desarrollamos una estrategia de recurso que aumentar\u00e1 las posibilidades de \u00e9xito del caso;<\/li>\n<li><span style=\"color: #ef7d00;\"><b>Redacci\u00f3n del recurso<\/b><\/span>Elaboramos un borrador de recurso profesionalmente preparado que responde a todos los puntos planteados en la decisi\u00f3n de denegaci\u00f3n<b style=\"color: #ef7d00;\">;<\/b> <\/li>\n<li><span style=\"color: #ef7d00;\"><b>Reunir el conjunto de documentos probatorios necesarios:<\/b><\/span> Ayudamos a cumplimentar las pruebas documentales necesarias que puedan respaldar el recurso;<\/li>\n<li><span style=\"color: #ef7d00;\"><b>Recurso ante un \u00f3rgano de II instancia:<\/b><\/span> Presentamos un recurso en nombre del cliente ante la autoridad competente de la segunda instancia que conoce del asunto;<\/li>\n<li><span style=\"color: #ef7d00;\"><b>Preparaci\u00f3n de cartas explicativas, recordatorios, prolongaci\u00f3n del asunto:<\/b><\/span> Nos encargamos de toda la correspondencia con la oficina durante el procedimiento de recurso, incluida la preparaci\u00f3n de cartas explicativas adicionales, recordatorios o impugnaciones de la prolongaci\u00f3n del procedimiento;<\/li>\n<li><span style=\"color: #ef7d00;\"><b>Contacto constante con el extranjero con tutor designado:<\/b><\/span> Garantizamos una comunicaci\u00f3n continua con el cliente a lo largo de todo el caso, manteni\u00e9ndole informado de los progresos y de los pr\u00f3ximos pasos;<\/li>\n<li><span style=\"color: #ef7d00;\"><b>Dirigir y supervisar el procedimiento:<\/b><\/span> Nuestro equipo de expertos seguir\u00e1 y supervisar\u00e1 todo el procedimiento de recurso hasta que se alcance una decisi\u00f3n final.<\/li>\n<\/ul>\n<div> <\/div>\n<div>Entendemos lo estresante que puede ser recibir una decisi\u00f3n adversa y lo importante que es cada caso para nuestros clientes. Por eso nuestro equipo se compromete a prestar un servicio eficaz y profesional en cada fase del proceso de recurso. <\/div>\n<div> <\/div>\n<p><a href=\"https:\/\/legalnodopolshi.com\/#contact\"><span style=\"color: #e66317;\"><b><u>Contacta con<\/u><\/b><\/span><\/a><b> z<\/b><span style=\"text-align: inherit;\"><b> con nosotros hoy mismo para obtener m\u00e1s informaci\u00f3n o concertar una consulta.<\/b><\/span><\/p>\n\t\t\t\t\t<\/div>\n\t\t\t\t\t\t<\/div>\n\t\t\t\t<\/div>\n\t\t\t\t\t\t<\/div>\n\t\t\t\t\t<\/div>\n\t\t<\/div>\n\t\t\t\t\t\t\t\t<\/div>\n\t\t\t\t\t<\/div>\n\t\t<\/section>\n\t\t\t\t\t\t\t\t\t<\/div>\n\t\t\t<\/div>\n\t\t\t\t\t<\/div>\n\t\t","protected":false},"excerpt":{"rendered":"Recurso contra una decisi\u00f3n negativa ante un \u00f3rgano de segunda instancia Comprar Ofrecemos un servicio integral para recurrir una decisi\u00f3n...","protected":false},"author":1,"featured_media":0,"parent":0,"menu_order":0,"comment_status":"closed","ping_status":"closed","template":"","meta":[],"acf":[],"_links":{"self":[{"href":"https:\/\/legalnodopolshi.com\/es\/wp-json\/wp\/v2\/pages\/7651"}],"collection":[{"href":"https:\/\/legalnodopolshi.com\/es\/wp-json\/wp\/v2\/pages"}],"about":[{"href":"https:\/\/legalnodopolshi.com\/es\/wp-json\/wp\/v2\/types\/page"}],"author":[{"embeddable":true,"href":"https:\/\/legalnodopolshi.com\/es\/wp-json\/wp\/v2\/users\/1"}],"replies":[{"embeddable":true,"href":"https:\/\/legalnodopolshi.com\/es\/wp-json\/wp\/v2\/comments?post=7651"}],"version-history":[{"count":4,"href":"https:\/\/legalnodopolshi.com\/es\/wp-json\/wp\/v2\/pages\/7651\/revisions"}],"predecessor-version":[{"id":7795,"href":"https:\/\/legalnodopolshi.com\/es\/wp-json\/wp\/v2\/pages\/7651\/revisions\/7795"}],"wp:attachment":[{"href":"https:\/\/legalnodopolshi.com\/es\/wp-json\/wp\/v2\/media?parent=7651"}],"curies":[{"name":"wp","href":"https:\/\/api.w.org\/{rel}","templated":true}]}}